{"id":62,"date":"2020-01-20T16:24:33","date_gmt":"2020-01-20T15:24:33","guid":{"rendered":"https:\/\/www.im-namur.be\/?page_id=62"},"modified":"2025-04-24T09:59:39","modified_gmt":"2025-04-24T07:59:39","slug":"info-pratique","status":"publish","type":"page","link":"https:\/\/www.im-namur.be\/fr\/info-pratique\/","title":{"rendered":"Infos pratiques"},"content":{"rendered":"\t\t<div data-elementor-type=\"wp-page\" data-elementor-id=\"62\" class=\"elementor elementor-62\" data-elementor-post-type=\"page\">\n\t\t\t\t\t\t<section class=\"elementor-section elementor-top-section elementor-element elementor-element-137763d elementor-section-boxed elementor-section-height-default elementor-section-height-default elementor-invisible\" data-id=\"137763d\" data-element_type=\"section\" data-settings=\"{&quot;animation&quot;:&quot;zoomIn&quot;}\">\n\t\t\t\t\t\t<div class=\"elementor-container elementor-column-gap-default\">\n\t\t\t\t\t<div class=\"elementor-column elementor-col-100 elementor-top-column elementor-element elementor-element-41be3c3\" data-id=\"41be3c3\" data-element_type=\"column\">\n\t\t\t<div class=\"elementor-widget-wrap elementor-element-populated\">\n\t\t\t\t\t\t<div class=\"elementor-element elementor-element-41c67a1 elementor-widget elementor-widget-text-editor\" data-id=\"41c67a1\" data-element_type=\"widget\" data-widget_type=\"text-editor.default\">\n\t\t\t\t<div class=\"elementor-widget-container\">\n\t\t\t\t\t\t\t\t\t<h1>Informations pratiques<\/h1>\t\t\t\t\t\t\t\t<\/div>\n\t\t\t\t<\/div>\n\t\t\t\t<div class=\"elementor-element elementor-element-e02ba09 elementor-widget elementor-widget-text-editor\" data-id=\"e02ba09\" data-element_type=\"widget\" data-widget_type=\"text-editor.default\">\n\t\t\t\t<div class=\"elementor-widget-container\">\n\t\t\t\t\t\t\t\t\t<h2>Bienvenue \u00e0 Industrie &amp; Maintenance<\/h2>\t\t\t\t\t\t\t\t<\/div>\n\t\t\t\t<\/div>\n\t\t\t\t\t<\/div>\n\t\t<\/div>\n\t\t\t\t\t<\/div>\n\t\t<\/section>\n\t\t\t\t<section class=\"elementor-section elementor-top-section elementor-element elementor-element-45cb5e5 elementor-section-boxed elementor-section-height-default elementor-section-height-default\" data-id=\"45cb5e5\" data-element_type=\"section\">\n\t\t\t\t\t\t<div class=\"elementor-container elementor-column-gap-default\">\n\t\t\t\t\t<div class=\"elementor-column elementor-col-100 elementor-top-column elementor-element elementor-element-90ed824\" data-id=\"90ed824\" data-element_type=\"column\">\n\t\t\t<div class=\"elementor-widget-wrap elementor-element-populated\">\n\t\t\t\t\t\t<div class=\"elementor-element elementor-element-015dc01 elementor-widget elementor-widget-text-editor\" data-id=\"015dc01\" data-element_type=\"widget\" data-widget_type=\"text-editor.default\">\n\t\t\t\t<div class=\"elementor-widget-container\">\n\t\t\t\t\t\t\t\t\t<p>1 hall, 1 jour, 1 emplacement. Le 24 novembre 2026 Namur Expo se transformera dans une toute nouvelle plate-forme de r\u00e9seautage du contr\u00f4le de process, l&rsquo;automatisation &amp; la maintenance. Vous serez quand m\u00eame aussi pr\u00e9sent ? D\u00e9couvrez toutes les options de voyage ci-dessous !<\/p>\t\t\t\t\t\t\t\t<\/div>\n\t\t\t\t<\/div>\n\t\t\t\t<div class=\"elementor-element elementor-element-dd0fd98 elementor-align-center elementor-hidden-desktop elementor-hidden-tablet elementor-hidden-mobile elementor-widget elementor-widget-button\" data-id=\"dd0fd98\" data-element_type=\"widget\" data-widget_type=\"button.default\">\n\t\t\t\t<div class=\"elementor-widget-container\">\n\t\t\t\t\t\t\t\t\t<div class=\"elementor-button-wrapper\">\n\t\t\t\t\t<a class=\"elementor-button elementor-button-link elementor-size-sm\" href=\"https:\/\/www.im-namur.be\/fr\/contactez-nous\/\">\n\t\t\t\t\t\t<span class=\"elementor-button-content-wrapper\">\n\t\t\t\t\t\t<span class=\"elementor-button-icon\">\n\t\t\t\t<i aria-hidden=\"true\" class=\"fas fa-long-arrow-alt-right\"><\/i>\t\t\t<\/span>\n\t\t\t\t\t\t\t\t\t<span class=\"elementor-button-text\">Contactez-nous <\/span>\n\t\t\t\t\t<\/span>\n\t\t\t\t\t<\/a>\n\t\t\t\t<\/div>\n\t\t\t\t\t\t\t\t<\/div>\n\t\t\t\t<\/div>\n\t\t\t\t\t<\/div>\n\t\t<\/div>\n\t\t\t\t\t<\/div>\n\t\t<\/section>\n\t\t\t\t<section class=\"elementor-section elementor-top-section elementor-element elementor-element-aea0e80 elementor-section-boxed elementor-section-height-default elementor-section-height-default\" data-id=\"aea0e80\" data-element_type=\"section\">\n\t\t\t\t\t\t<div class=\"elementor-container elementor-column-gap-default\">\n\t\t\t\t\t<div class=\"elementor-column elementor-col-50 elementor-top-column elementor-element elementor-element-fd2aca0\" data-id=\"fd2aca0\" data-element_type=\"column\">\n\t\t\t<div class=\"elementor-widget-wrap elementor-element-populated\">\n\t\t\t\t\t\t<div class=\"elementor-element elementor-element-8914abb elementor-widget-mobile__width-initial elementor-widget elementor-widget-text-editor\" data-id=\"8914abb\" data-element_type=\"widget\" data-widget_type=\"text-editor.default\">\n\t\t\t\t<div class=\"elementor-widget-container\">\n\t\t\t\t\t\t\t\t\t<h2><strong>Mardi 24 Novembre 2026<\/strong><\/h2>\n<p>09h30 &gt; 17h00<br>(Ouvert \u00e0 08h30 pour les conf\u00e9renciers<\/p>\t\t\t\t\t\t\t\t<\/div>\n\t\t\t\t<\/div>\n\t\t\t\t\t<\/div>\n\t\t<\/div>\n\t\t\t\t<div class=\"elementor-column elementor-col-50 elementor-top-column elementor-element elementor-element-86eb85e\" data-id=\"86eb85e\" data-element_type=\"column\">\n\t\t\t<div class=\"elementor-widget-wrap elementor-element-populated\">\n\t\t\t\t\t\t<div class=\"elementor-element elementor-element-66b4551 elementor-align-center elementor-widget elementor-widget-button\" data-id=\"66b4551\" data-element_type=\"widget\" data-widget_type=\"button.default\">\n\t\t\t\t<div class=\"elementor-widget-container\">\n\t\t\t\t\t\t\t\t\t<div class=\"elementor-button-wrapper\">\n\t\t\t\t\t<a class=\"elementor-button elementor-button-link elementor-size-sm\" href=\"mailto:im.namur@easyfairs.com\" target=\"_blank\">\n\t\t\t\t\t\t<span class=\"elementor-button-content-wrapper\">\n\t\t\t\t\t\t<span class=\"elementor-button-icon\">\n\t\t\t\t<i aria-hidden=\"true\" class=\"fas fa-arrow-right\"><\/i>\t\t\t<\/span>\n\t\t\t\t\t\t\t\t\t<span class=\"elementor-button-text\">R\u00e9servez votre stand<\/span>\n\t\t\t\t\t<\/span>\n\t\t\t\t\t<\/a>\n\t\t\t\t<\/div>\n\t\t\t\t\t\t\t\t<\/div>\n\t\t\t\t<\/div>\n\t\t\t\t\t<\/div>\n\t\t<\/div>\n\t\t\t\t\t<\/div>\n\t\t<\/section>\n\t\t\t\t<section class=\"elementor-section elementor-top-section elementor-element elementor-element-b9f8674 elementor-section-boxed elementor-section-height-default elementor-section-height-default\" data-id=\"b9f8674\" data-element_type=\"section\" data-settings=\"{&quot;background_background&quot;:&quot;classic&quot;}\">\n\t\t\t\t\t\t<div class=\"elementor-container elementor-column-gap-default\">\n\t\t\t\t\t<div class=\"elementor-column elementor-col-50 elementor-top-column elementor-element elementor-element-2fc157d\" data-id=\"2fc157d\" data-element_type=\"column\" data-settings=\"{&quot;background_background&quot;:&quot;classic&quot;}\">\n\t\t\t<div class=\"elementor-widget-wrap elementor-element-populated\">\n\t\t\t\t\t\t<div class=\"elementor-element elementor-element-d8f9483 elementor-view-default elementor-widget elementor-widget-icon\" data-id=\"d8f9483\" data-element_type=\"widget\" data-widget_type=\"icon.default\">\n\t\t\t\t<div class=\"elementor-widget-container\">\n\t\t\t\t\t\t\t<div class=\"elementor-icon-wrapper\">\n\t\t\t<div class=\"elementor-icon\">\n\t\t\t<i aria-hidden=\"true\" class=\"fas fa-map-marked-alt\"><\/i>\t\t\t<\/div>\n\t\t<\/div>\n\t\t\t\t\t\t<\/div>\n\t\t\t\t<\/div>\n\t\t\t\t<div class=\"elementor-element elementor-element-2fb55ae elementor-widget elementor-widget-heading\" data-id=\"2fb55ae\" data-element_type=\"widget\" data-widget_type=\"heading.default\">\n\t\t\t\t<div class=\"elementor-widget-container\">\n\t\t\t\t\t<h4 class=\"elementor-heading-title elementor-size-default\">Namur Expo<\/h4>\t\t\t\t<\/div>\n\t\t\t\t<\/div>\n\t\t\t\t<div class=\"elementor-element elementor-element-935d4fe elementor-widget elementor-widget-text-editor\" data-id=\"935d4fe\" data-element_type=\"widget\" data-widget_type=\"text-editor.default\">\n\t\t\t\t<div class=\"elementor-widget-container\">\n\t\t\t\t\t\t\t\t\t<ul type=\"disc\">\n<li><span lang=\"FR-BE\">Les rues autour de Namur Expo&nbsp;se trouvent dans une<strong> zone bleue.<\/strong><br>N\u2019oubliez donc pas d\u2019apposer votre disque pour une validit\u00e9 de 3 heures.<\/span>&nbsp;&nbsp;<\/li>\n<\/ul>\n<ul type=\"disc\">\n<li><span lang=\"FR-BE\">Le&nbsp;parking P+R&nbsp;reste accessible tous les jours de l\u2019ann\u00e9e pour les visiteurs. Ce parking est payant.<\/span><\/li>\n<\/ul>\t\t\t\t\t\t\t\t<\/div>\n\t\t\t\t<\/div>\n\t\t\t\t\t<\/div>\n\t\t<\/div>\n\t\t\t\t<div class=\"elementor-column elementor-col-50 elementor-top-column elementor-element elementor-element-a52b163\" data-id=\"a52b163\" data-element_type=\"column\" data-settings=\"{&quot;background_background&quot;:&quot;classic&quot;}\">\n\t\t\t<div class=\"elementor-widget-wrap elementor-element-populated\">\n\t\t\t\t\t\t<div class=\"elementor-element elementor-element-03737ef elementor-widget elementor-widget-heading\" data-id=\"03737ef\" data-element_type=\"widget\" data-widget_type=\"heading.default\">\n\t\t\t\t<div class=\"elementor-widget-container\">\n\t\t\t\t\t<h4 class=\"elementor-heading-title elementor-size-default\">Namur Expo<\/h4>\t\t\t\t<\/div>\n\t\t\t\t<\/div>\n\t\t\t\t<div class=\"elementor-element elementor-element-1f901f3 elementor-widget elementor-widget-image\" data-id=\"1f901f3\" data-element_type=\"widget\" data-widget_type=\"image.default\">\n\t\t\t\t<div class=\"elementor-widget-container\">\n\t\t\t\t\t\t\t\t\t\t\t\t\t\t\t<img fetchpriority=\"high\" decoding=\"async\" width=\"800\" height=\"838\" src=\"https:\/\/easyfairsassets.com\/sites\/238\/2024\/04\/PLAN-CIRCULATION-NAMUR-EXPO_A4_P1-1.png\" class=\"attachment-large size-large wp-image-16536\" alt=\"PLAN-CIRCULATION-NAMUR-EXPO\" srcset=\"https:\/\/easyfairsassets.com\/sites\/238\/2024\/04\/PLAN-CIRCULATION-NAMUR-EXPO_A4_P1-1.png 913w, https:\/\/easyfairsassets.com\/sites\/238\/2024\/04\/PLAN-CIRCULATION-NAMUR-EXPO_A4_P1-1-287x300.png 287w, https:\/\/easyfairsassets.com\/sites\/238\/2024\/04\/PLAN-CIRCULATION-NAMUR-EXPO_A4_P1-1-768x804.png 768w\" sizes=\"(max-width: 800px) 100vw, 800px\" \/>\t\t\t\t\t\t\t\t\t\t\t\t\t\t\t<\/div>\n\t\t\t\t<\/div>\n\t\t\t\t\t<\/div>\n\t\t<\/div>\n\t\t\t\t\t<\/div>\n\t\t<\/section>\n\t\t\t\t<section class=\"elementor-section elementor-top-section elementor-element elementor-element-d76cb4d elementor-section-boxed elementor-section-height-default elementor-section-height-default\" data-id=\"d76cb4d\" data-element_type=\"section\">\n\t\t\t\t\t\t<div class=\"elementor-container elementor-column-gap-default\">\n\t\t\t\t\t<div class=\"elementor-column elementor-col-50 elementor-top-column elementor-element elementor-element-ad3db32\" data-id=\"ad3db32\" data-element_type=\"column\">\n\t\t\t<div class=\"elementor-widget-wrap elementor-element-populated\">\n\t\t\t\t\t\t<div class=\"elementor-element elementor-element-252bbae elementor-widget elementor-widget-toggle\" data-id=\"252bbae\" data-element_type=\"widget\" data-widget_type=\"toggle.default\">\n\t\t\t\t<div class=\"elementor-widget-container\">\n\t\t\t\t\t\t\t<div class=\"elementor-toggle\">\n\t\t\t\t\t\t\t<div class=\"elementor-toggle-item\">\n\t\t\t\t\t<div id=\"elementor-tab-title-3891\" class=\"elementor-tab-title\" data-tab=\"1\" role=\"button\" aria-controls=\"elementor-tab-content-3891\" aria-expanded=\"false\">\n\t\t\t\t\t\t\t\t\t\t\t\t<span class=\"elementor-toggle-icon elementor-toggle-icon-left\" aria-hidden=\"true\">\n\t\t\t\t\t\t\t\t\t\t\t\t\t\t\t<span class=\"elementor-toggle-icon-closed\"><i class=\"fas fa-caret-right\"><\/i><\/span>\n\t\t\t\t\t\t\t\t<span class=\"elementor-toggle-icon-opened\"><i class=\"elementor-toggle-icon-opened fas fa-caret-up\"><\/i><\/span>\n\t\t\t\t\t\t\t\t\t\t\t\t\t<\/span>\n\t\t\t\t\t\t\t\t\t\t\t\t<a class=\"elementor-toggle-title\" tabindex=\"0\">En voiture<\/a>\n\t\t\t\t\t<\/div>\n\n\t\t\t\t\t<div id=\"elementor-tab-content-3891\" class=\"elementor-tab-content elementor-clearfix\" data-tab=\"1\" role=\"region\" aria-labelledby=\"elementor-tab-title-3891\"><p>Namur Expo est situ\u00e9 au coeur de la Wallonie, au croisement de deux grands axes autoroutiers (E42 et E411) \u00e0 moins d\u2019une heure de Bruxelles ou de Li\u00e8ge.<\/p><ul><li><strong>Via l\u2019E411<\/strong>\u00a0(Bruxelles \u2013 Luxembourg), sortie n\u00b013 (Champion). Suivre la direction \u00ab centre-ville \/ gare \u00bb<\/li><li><strong>Via l\u2019E42<\/strong>\u00a0(Mons \u2013 Li\u00e8ge), sortie n\u00b012 (Namur Ouest). Suivrer la direction \u00ab centre-ville \/ gare \u00bb<\/li><li><a href=\"https:\/\/www.google.be\/maps\/dir\/\/Namur+Expo,+Avenue+Sergent+Vrithoff,+Namur\/@50.4668297,4.7782091,12z\/data=!4m9!4m8!1m0!1m5!1m1!1s0x47c19bd8712525f5:0xc3d1351222d0c8e1!2m2!1d4.8482484!2d50.4668507!3e0\" target=\"_blank\" rel=\"noopener\"><strong><span style=\"text-decoration: underline\">Voir l&rsquo;itin\u00e9raire<\/span><\/strong><\/a><\/li><\/ul><p>Parking gratuit \u00e0 5 minutes &amp; shuttle gratuit:<\/p><p><strong>Citadelle de Namur<\/strong><br \/>Esplanade de la Citadelle<br \/>5000 Namur<\/p><\/div>\n\t\t\t\t<\/div>\n\t\t\t\t\t\t\t<div class=\"elementor-toggle-item\">\n\t\t\t\t\t<div id=\"elementor-tab-title-3892\" class=\"elementor-tab-title\" data-tab=\"2\" role=\"button\" aria-controls=\"elementor-tab-content-3892\" aria-expanded=\"false\">\n\t\t\t\t\t\t\t\t\t\t\t\t<span class=\"elementor-toggle-icon elementor-toggle-icon-left\" aria-hidden=\"true\">\n\t\t\t\t\t\t\t\t\t\t\t\t\t\t\t<span class=\"elementor-toggle-icon-closed\"><i class=\"fas fa-caret-right\"><\/i><\/span>\n\t\t\t\t\t\t\t\t<span class=\"elementor-toggle-icon-opened\"><i class=\"elementor-toggle-icon-opened fas fa-caret-up\"><\/i><\/span>\n\t\t\t\t\t\t\t\t\t\t\t\t\t<\/span>\n\t\t\t\t\t\t\t\t\t\t\t\t<a class=\"elementor-toggle-title\" tabindex=\"0\">En v\u00e9lo<\/a>\n\t\t\t\t\t<\/div>\n\n\t\t\t\t\t<div id=\"elementor-tab-content-3892\" class=\"elementor-tab-content elementor-clearfix\" data-tab=\"2\" role=\"region\" aria-labelledby=\"elementor-tab-title-3892\"><p>Un parking \u00e0 v\u00e9los est disponible en face de l&rsquo;entr\u00e9e. De plus, une station v\u00e9lo libre-service est \u00e9galement implant\u00e9e \u00e0 proximit\u00e9. Pensez aussi aux trotinettes \u00e9lectriques.<br \/><span style=\"text-decoration: underline\"><strong><a href=\"http:\/\/www.libiavelo.be\/\" target=\"_blank\" rel=\"noopener\">Li Bia V\u00e9lo<\/a><\/strong><\/span><\/p><\/div>\n\t\t\t\t<\/div>\n\t\t\t\t\t\t\t\t<\/div>\n\t\t\t\t\t\t<\/div>\n\t\t\t\t<\/div>\n\t\t\t\t\t<\/div>\n\t\t<\/div>\n\t\t\t\t<div class=\"elementor-column elementor-col-50 elementor-top-column elementor-element elementor-element-08e1db9\" data-id=\"08e1db9\" data-element_type=\"column\">\n\t\t\t<div class=\"elementor-widget-wrap elementor-element-populated\">\n\t\t\t\t\t\t<div class=\"elementor-element elementor-element-8c11c0e elementor-widget elementor-widget-toggle\" data-id=\"8c11c0e\" data-element_type=\"widget\" data-widget_type=\"toggle.default\">\n\t\t\t\t<div class=\"elementor-widget-container\">\n\t\t\t\t\t\t\t<div class=\"elementor-toggle\">\n\t\t\t\t\t\t\t<div class=\"elementor-toggle-item\">\n\t\t\t\t\t<div id=\"elementor-tab-title-1461\" class=\"elementor-tab-title\" data-tab=\"1\" role=\"button\" aria-controls=\"elementor-tab-content-1461\" aria-expanded=\"false\">\n\t\t\t\t\t\t\t\t\t\t\t\t<span class=\"elementor-toggle-icon elementor-toggle-icon-left\" aria-hidden=\"true\">\n\t\t\t\t\t\t\t\t\t\t\t\t\t\t\t<span class=\"elementor-toggle-icon-closed\"><i class=\"fas fa-caret-right\"><\/i><\/span>\n\t\t\t\t\t\t\t\t<span class=\"elementor-toggle-icon-opened\"><i class=\"elementor-toggle-icon-opened fas fa-caret-up\"><\/i><\/span>\n\t\t\t\t\t\t\t\t\t\t\t\t\t<\/span>\n\t\t\t\t\t\t\t\t\t\t\t\t<a class=\"elementor-toggle-title\" tabindex=\"0\">En transports en commun<\/a>\n\t\t\t\t\t<\/div>\n\n\t\t\t\t\t<div id=\"elementor-tab-content-1461\" class=\"elementor-tab-content elementor-clearfix\" data-tab=\"1\" role=\"region\" aria-labelledby=\"elementor-tab-title-1461\"><p><strong><span style=\"color: #f8ac23\">En train<\/span><br \/><\/strong>La gare\u00a0<strong>SNCB<\/strong>\u00a0de\u00a0<strong>Namur<\/strong>\u00a0se trouve \u00e0 10 minutes \u00e0 pied de Namur Expo.\u00a0<span style=\"text-decoration: underline\"><a href=\"https:\/\/www.belgiantrain.be\/fr\" target=\"_blank\" rel=\"noopener\">Consultez les horaires de train pour Namur.<\/a><\/span><\/p><p><strong><span style=\"color: #f8ac23\">En bus<\/span><br \/><\/strong>Rejoignez l\u2019arr\u00eat \u00ab\u00a0<strong>Namur Expo<\/strong>\u00a0\u00bb avec les lignes\u00a0<strong>TEC 27<\/strong>\u00a0et\u00a0<strong>51<\/strong>\u00a0ou l\u2019arr\u00eat \u00ab\u00a0<strong>Place Wiertz<\/strong>\u00a0\u00bb avec les\u00a0<strong>lignes 3<\/strong>\u00a0et\u00a0<strong>5<\/strong>.<\/p><\/div>\n\t\t\t\t<\/div>\n\t\t\t\t\t\t\t\t<\/div>\n\t\t\t\t\t\t<\/div>\n\t\t\t\t<\/div>\n\t\t\t\t<div class=\"elementor-element elementor-element-fe130c2 elementor-hidden-desktop elementor-hidden-tablet elementor-hidden-mobile elementor-widget elementor-widget-toggle\" data-id=\"fe130c2\" data-element_type=\"widget\" data-widget_type=\"toggle.default\">\n\t\t\t\t<div class=\"elementor-widget-container\">\n\t\t\t\t\t\t\t<div class=\"elementor-toggle\">\n\t\t\t\t\t\t\t<div class=\"elementor-toggle-item\">\n\t\t\t\t\t<div id=\"elementor-tab-title-2661\" class=\"elementor-tab-title\" data-tab=\"1\" role=\"button\" aria-controls=\"elementor-tab-content-2661\" aria-expanded=\"false\">\n\t\t\t\t\t\t\t\t\t\t\t\t<span class=\"elementor-toggle-icon elementor-toggle-icon-left\" aria-hidden=\"true\">\n\t\t\t\t\t\t\t\t\t\t\t\t\t\t\t<span class=\"elementor-toggle-icon-closed\"><i class=\"fas fa-caret-right\"><\/i><\/span>\n\t\t\t\t\t\t\t\t<span class=\"elementor-toggle-icon-opened\"><i class=\"elementor-toggle-icon-opened fas fa-caret-up\"><\/i><\/span>\n\t\t\t\t\t\t\t\t\t\t\t\t\t<\/span>\n\t\t\t\t\t\t\t\t\t\t\t\t<a class=\"elementor-toggle-title\" tabindex=\"0\">En transports en commun<\/a>\n\t\t\t\t\t<\/div>\n\n\t\t\t\t\t<div id=\"elementor-tab-content-2661\" class=\"elementor-tab-content elementor-clearfix\" data-tab=\"1\" role=\"region\" aria-labelledby=\"elementor-tab-title-2661\"><p><strong><span style=\"color: #f8ac23\">En train<\/span><br \/><\/strong>La gare\u00a0<strong>SNCB<\/strong>\u00a0de\u00a0<strong>Namur<\/strong>\u00a0se trouve \u00e0 10 minutes \u00e0 pied de Namur Expo.\u00a0<span style=\"text-decoration: underline\"><a href=\"https:\/\/www.belgiantrain.be\/fr\" target=\"_blank\" rel=\"noopener\">Consultez les horaires de train pour Namur.<\/a><\/span><\/p><p><strong><span style=\"color: #f8ac23\">En bus<\/span><br \/><\/strong>Rejoignez l\u2019arr\u00eat \u00ab\u00a0<strong>Namur Expo<\/strong>\u00a0\u00bb avec les lignes\u00a0<strong>TEC 27<\/strong>\u00a0et\u00a0<strong>51<\/strong>\u00a0ou l\u2019arr\u00eat \u00ab\u00a0<strong>Place Wiertz<\/strong>\u00a0\u00bb avec les\u00a0<strong>lignes 3<\/strong>\u00a0et\u00a0<strong>5<\/strong>.<\/p><\/div>\n\t\t\t\t<\/div>\n\t\t\t\t\t\t\t<div class=\"elementor-toggle-item\">\n\t\t\t\t\t<div id=\"elementor-tab-title-2662\" class=\"elementor-tab-title\" data-tab=\"2\" role=\"button\" aria-controls=\"elementor-tab-content-2662\" aria-expanded=\"false\">\n\t\t\t\t\t\t\t\t\t\t\t\t<span class=\"elementor-toggle-icon elementor-toggle-icon-left\" aria-hidden=\"true\">\n\t\t\t\t\t\t\t\t\t\t\t\t\t\t\t<span class=\"elementor-toggle-icon-closed\"><i class=\"fas fa-caret-right\"><\/i><\/span>\n\t\t\t\t\t\t\t\t<span class=\"elementor-toggle-icon-opened\"><i class=\"elementor-toggle-icon-opened fas fa-caret-up\"><\/i><\/span>\n\t\t\t\t\t\t\t\t\t\t\t\t\t<\/span>\n\t\t\t\t\t\t\t\t\t\t\t\t<a class=\"elementor-toggle-title\" tabindex=\"0\">Corona COVID-19<\/a>\n\t\t\t\t\t<\/div>\n\n\t\t\t\t\t<div id=\"elementor-tab-content-2662\" class=\"elementor-tab-content elementor-clearfix\" data-tab=\"2\" role=\"region\" aria-labelledby=\"elementor-tab-title-2662\"><p>Comme vous l&rsquo;avez certainement appris dans les m\u00e9dias, les autorit\u00e9s belges ont prolong\u00e9 jusqu\u2019au 1er Mai 2021, par le biais d\u2019une publication en date du 12 janvier, les mesures actuelles visant \u00e0 limiter la propagation du coronavirus. Ces mesures impliquent que de nombreuses activit\u00e9s culturelles et \u00e9conomiques, en ce compris les foires et salons, sont toujours dans l\u2019attente d\u2019une date officielle de reprise.<br \/><br \/><\/p><p>En tant qu\u2019organisateur de salons, nous sommes en contact r\u00e9gulier avec les responsables politiques et les autorit\u00e9s comp\u00e9tentes. Cependant, nous n\u2019avons actuellement encore aucune perspective quant \u00e0 une date de reprise, ignorant quand les mesures pour notre secteur pourront \u00eatre assouplies.<br \/><br \/><\/p><p>Entretemps, nous sommes aujourd\u2019hui \u00e0 8 semaines de l\u2019ouverture pr\u00e9vue pour <b>Maintenance &amp; Industrie du 27 mai 2021 \u00e0 Namur expo<\/b>. Nous savons que, pour vous comme pour nous, organiser un salon de qualit\u00e9 requiert des semaines de pr\u00e9paratifs. Nous avons contacter tous les exposants durant les derniers deux semaines. C\u2019est pourquoi, nous tenons \u00e0 vous informer d\u00e8s \u00e0 pr\u00e9sent de l\u2019\u00e9tat de la situation.<br \/><br \/><\/p><p>Les circonstances actuelles, incertaines, totalement ind\u00e9pendantes de notre volont\u00e9 et sur lesquelles nous n\u2019avons aucune prise nous obligent malheureusement \u00e0 reporter le salon Industrie &amp; maintenance 2021 \u00e0 des dates ult\u00e9rieures : il sera d\u00e9sormais organis\u00e9<b> le 24 mai 2022 \u00e0 Namur<br \/>expo. (Nos partenaires strat\u00e9giques SPGE, SWDE, BEMAS,\u2026 nous suivent \u00e9galement vers la nouvelle date en 2022.)<\/b><br \/><br \/><\/p><p>En tant qu&rsquo;organisateur, nous avons tout mis en \u0153uvre pour que le salon puisse se d\u00e9rouler en toute s\u00e9curit\u00e9, mais la situation sanitaire actuelle en Belgique et les mesures gouvernementales en vigueur pour y faire face ne nous permettent malheureusement pas encore de reprendre nos activit\u00e9s en mai 2021.<\/p><p><br \/>Nous vous remercions encore une fois pour votre compr\u00e9hension, votre patience et votre confiance. Nous sommes impatients de pouvoir vous retrouver pour la prochaine \u00e9dition de Industrie &amp; Maintenance qui, nous l\u2019esp\u00e9rons, sera un succ\u00e8s !<\/p><p><br \/>A bient\u00f4t !<br \/>Dieter Wilssens<br \/>Group Event Director<\/p><p><a href=\"https:\/\/im-namur.be\/wp-content\/uploads\/sites\/238\/2021\/03\/IM2021_Postponing-24mei2022_NL_WEB.pdf\">Cliquez ici pour la version n\u00e9erlandaise<\/a><\/p><\/div>\n\t\t\t\t<\/div>\n\t\t\t\t\t\t\t\t<\/div>\n\t\t\t\t\t\t<\/div>\n\t\t\t\t<\/div>\n\t\t\t\t\t<\/div>\n\t\t<\/div>\n\t\t\t\t\t<\/div>\n\t\t<\/section>\n\t\t\t\t<section class=\"elementor-section elementor-top-section elementor-element elementor-element-19d84aa elementor-section-boxed elementor-section-height-default elementor-section-height-default\" data-id=\"19d84aa\" data-element_type=\"section\">\n\t\t\t\t\t\t<div class=\"elementor-container elementor-column-gap-default\">\n\t\t\t\t\t<div class=\"elementor-column elementor-col-100 elementor-top-column elementor-element elementor-element-56bef84\" data-id=\"56bef84\" data-element_type=\"column\">\n\t\t\t<div class=\"elementor-widget-wrap elementor-element-populated\">\n\t\t\t\t\t\t<div class=\"elementor-element elementor-element-28a370c elementor-widget elementor-widget-google_maps\" data-id=\"28a370c\" data-element_type=\"widget\" data-widget_type=\"google_maps.default\">\n\t\t\t\t<div class=\"elementor-widget-container\">\n\t\t\t\t\t\t\t<div class=\"elementor-custom-embed\">\n\t\t\t<iframe loading=\"lazy\"\n\t\t\t\t\tsrc=\"https:\/\/maps.google.com\/maps?q=Namur%20Expo&#038;t=m&#038;z=10&#038;output=embed&#038;iwloc=near\"\n\t\t\t\t\ttitle=\"Namur Expo\"\n\t\t\t\t\taria-label=\"Namur Expo\"\n\t\t\t><\/iframe>\n\t\t<\/div>\n\t\t\t\t\t\t<\/div>\n\t\t\t\t<\/div>\n\t\t\t\t\t<\/div>\n\t\t<\/div>\n\t\t\t\t\t<\/div>\n\t\t<\/section>\n\t\t\t\t<\/div>\n\t\t","protected":false},"excerpt":{"rendered":"<p>Informations pratiques Bienvenue \u00e0 Industrie &amp; Maintenance 1 hall, 1 jour, 1 emplacement. Le 24 novembre 2026 Namur Expo se transformera dans une toute nouvelle plate-forme de r\u00e9seautage du contr\u00f4le de process, l&rsquo;automatisation &amp; la maintenance. Vous serez quand m\u00eame aussi pr\u00e9sent ? D\u00e9couvrez toutes les options de voyage ci-dessous ! Contactez-nous Mardi 24 Novembre [&hellip;]<\/p>\n","protected":false},"author":38,"featured_media":0,"parent":0,"menu_order":0,"comment_status":"closed","ping_status":"closed","template":"","meta":{"_seopress_robots_primary_cat":"","_seopress_titles_title":"Infos pratiques - Industrie &amp; Maintenance 2022","_seopress_titles_desc":"Comment atteindre Industrie &amp; Maintenance 2022 \u00e0 Namur Expo ? Voiture - v\u00e9lo - transports en commun","_seopress_robots_index":"","footnotes":""},"class_list":["post-62","page","type-page","status-publish","hentry"],"_links":{"self":[{"href":"https:\/\/www.im-namur.be\/fr\/wp-json\/wp\/v2\/pages\/62","targetHints":{"allow":["GET"]}}],"collection":[{"href":"https:\/\/www.im-namur.be\/fr\/wp-json\/wp\/v2\/pages"}],"about":[{"href":"https:\/\/www.im-namur.be\/fr\/wp-json\/wp\/v2\/types\/page"}],"author":[{"embeddable":true,"href":"https:\/\/www.im-namur.be\/fr\/wp-json\/wp\/v2\/users\/38"}],"replies":[{"embeddable":true,"href":"https:\/\/www.im-namur.be\/fr\/wp-json\/wp\/v2\/comments?post=62"}],"version-history":[{"count":5,"href":"https:\/\/www.im-namur.be\/fr\/wp-json\/wp\/v2\/pages\/62\/revisions"}],"predecessor-version":[{"id":19641,"href":"https:\/\/www.im-namur.be\/fr\/wp-json\/wp\/v2\/pages\/62\/revisions\/19641"}],"wp:attachment":[{"href":"https:\/\/www.im-namur.be\/fr\/wp-json\/wp\/v2\/media?parent=62"}],"curies":[{"name":"wp","href":"https:\/\/api.w.org\/{rel}","templated":true}]}}