{"id":19742,"date":"2025-12-08T12:46:13","date_gmt":"2025-12-08T11:46:13","guid":{"rendered":"https:\/\/www.im-namur.be\/?page_id=19742"},"modified":"2025-12-08T13:19:43","modified_gmt":"2025-12-08T12:19:43","slug":"easyfairs-belgium-app-2","status":"publish","type":"page","link":"https:\/\/www.im-namur.be\/fr\/easyfairs-belgium-app-2\/","title":{"rendered":"Easyfairs Belgium app pour exposants"},"content":{"rendered":"\t\t<div data-elementor-type=\"wp-page\" data-elementor-id=\"19742\" class=\"elementor elementor-19742\" data-elementor-post-type=\"page\">\n\t\t\t\t<div class=\"elementor-element elementor-element-cc03a88 e-flex e-con-boxed e-con e-parent\" data-id=\"cc03a88\" data-element_type=\"container\" data-settings=\"{&quot;background_background&quot;:&quot;classic&quot;,&quot;shape_divider_bottom&quot;:&quot;pyramids&quot;,&quot;shape_divider_top&quot;:&quot;pyramids&quot;}\">\n\t\t\t\t\t<div class=\"e-con-inner\">\n\t\t\t\t<div class=\"elementor-shape elementor-shape-top\" aria-hidden=\"true\" data-negative=\"false\">\n\t\t\t<svg xmlns=\"http:\/\/www.w3.org\/2000\/svg\" viewBox=\"0 0 1000 100\" preserveAspectRatio=\"none\">\n\t<path class=\"elementor-shape-fill\" d=\"M761.9,44.1L643.1,27.2L333.8,98L0,3.8V0l1000,0v3.9\"\/>\n<\/svg>\t\t<\/div>\n\t\t\t\t<div class=\"elementor-shape elementor-shape-bottom\" aria-hidden=\"true\" data-negative=\"false\">\n\t\t\t<svg xmlns=\"http:\/\/www.w3.org\/2000\/svg\" viewBox=\"0 0 1000 100\" preserveAspectRatio=\"none\">\n\t<path class=\"elementor-shape-fill\" d=\"M761.9,44.1L643.1,27.2L333.8,98L0,3.8V0l1000,0v3.9\"\/>\n<\/svg>\t\t<\/div>\n\t\t\t\t<div class=\"elementor-element elementor-element-4166211 elementor-widget__width-initial elementor-widget elementor-widget-heading\" data-id=\"4166211\" data-element_type=\"widget\" data-widget_type=\"heading.default\">\n\t\t\t\t<div class=\"elementor-widget-container\">\n\t\t\t\t\t<h2 class=\"elementor-heading-title elementor-size-default\">Optimisez votre participation au salon gr\u00e2ce \u00e0 l'application Easyfairs Belgium<\/h2>\t\t\t\t<\/div>\n\t\t\t\t<\/div>\n\t\t\t\t<div class=\"elementor-element elementor-element-7a4b4de elementor-widget__width-initial elementor-widget elementor-widget-text-editor\" data-id=\"7a4b4de\" data-element_type=\"widget\" data-widget_type=\"text-editor.default\">\n\t\t\t\t<div class=\"elementor-widget-container\">\n\t\t\t\t\t\t\t\t\t<p class=\"\" data-end=\"633\" data-start=\"424\">D\u00e9couvrez la toute nouvelle application Easyfairs Belgium : l&rsquo;outil qui vous permettra de tirer le meilleur parti de votre participation au salon. \u00c9tablissez des contacts, planifiez des rendez-vous et restez pr\u00e9sent dans l&rsquo;esprit de vos clients et prospects, le tout gr\u00e2ce \u00e0 une application pratique.<\/p><p class=\"\" data-end=\"788\" data-start=\"635\">Que vous soyez un exposant exp\u00e9riment\u00e9 ou que vous participiez pour la premi\u00e8re fois, l&rsquo;application Easyfairs Belgium vous garantit une exp\u00e9rience professionnelle, personnalis\u00e9e et efficace.<\/p>\t\t\t\t\t\t\t\t<\/div>\n\t\t\t\t<\/div>\n\t\t\t\t\t<\/div>\n\t\t\t\t<\/div>\n\t\t<div class=\"elementor-element elementor-element-1161d40 e-flex e-con-boxed e-con e-parent\" data-id=\"1161d40\" data-element_type=\"container\" data-settings=\"{&quot;background_background&quot;:&quot;classic&quot;,&quot;shape_divider_bottom&quot;:&quot;curve&quot;,&quot;shape_divider_top&quot;:&quot;curve&quot;,&quot;shape_divider_top_negative&quot;:&quot;yes&quot;,&quot;shape_divider_bottom_negative&quot;:&quot;yes&quot;}\">\n\t\t\t\t\t<div class=\"e-con-inner\">\n\t\t\t\t<div class=\"elementor-shape elementor-shape-top\" aria-hidden=\"true\" data-negative=\"true\">\n\t\t\t<svg xmlns=\"http:\/\/www.w3.org\/2000\/svg\" viewBox=\"0 0 1000 100\" preserveAspectRatio=\"none\">\n\t<path class=\"elementor-shape-fill\" d=\"M500,97C126.7,96.3,0.8,19.8,0,0v100l1000,0V1C1000,19.4,873.3,97.8,500,97z\"\/>\n<\/svg>\t\t<\/div>\n\t\t\t\t<div class=\"elementor-shape elementor-shape-bottom\" aria-hidden=\"true\" data-negative=\"true\">\n\t\t\t<svg xmlns=\"http:\/\/www.w3.org\/2000\/svg\" viewBox=\"0 0 1000 100\" preserveAspectRatio=\"none\">\n\t<path class=\"elementor-shape-fill\" d=\"M500,97C126.7,96.3,0.8,19.8,0,0v100l1000,0V1C1000,19.4,873.3,97.8,500,97z\"\/>\n<\/svg>\t\t<\/div>\n\t\t\t\t<div class=\"elementor-element elementor-element-8b4f2af elementor-widget elementor-widget-heading\" data-id=\"8b4f2af\" data-element_type=\"widget\" data-widget_type=\"heading.default\">\n\t\t\t\t<div class=\"elementor-widget-container\">\n\t\t\t\t\t<h2 class=\"elementor-heading-title elementor-size-default\">L'application Easyfairs Belgium<\/h2>\t\t\t\t<\/div>\n\t\t\t\t<\/div>\n\t\t\t\t<div class=\"elementor-element elementor-element-edf5a0e elementor-widget elementor-widget-text-editor\" data-id=\"edf5a0e\" data-element_type=\"widget\" data-widget_type=\"text-editor.default\">\n\t\t\t\t<div class=\"elementor-widget-container\">\n\t\t\t\t\t\t\t\t\t<p>L&rsquo;application Easyfairs Belgium fait bien plus que simplement g\u00e9rer votre planning. C&rsquo;est votre assistant personnel qui vous accompagne depuis la pr\u00e9paration de votre participation jusqu&rsquo;\u00e0 longtemps apr\u00e8s la fin de l&rsquo;\u00e9v\u00e9nement. En associant le profil de votre entreprise \u00e0 l&rsquo;application via <strong>My Easyfairs,<\/strong> vos donn\u00e9es sont automatiquement renseign\u00e9es. Il ne vous reste plus qu&rsquo;\u00e0 <strong>planifier votre agenda<\/strong> et \u00e0 inviter les membres de votre \u00e9quipe, afin que les visiteurs puissent vous contacter \u00e0 l&rsquo;avance et prendre rendez-vous.<\/p><p>L&rsquo;application propose des <strong>recommandations personnalis\u00e9es<\/strong> en fonction de vos <strong>int\u00e9r\u00eats et de vos objectifs professionnels. <\/strong> Elle vous propose ainsi automatiquement des visiteurs pertinents avec lesquels vous \u00eates assur\u00e9 de nouer <strong>des relations pr\u00e9cieuses<\/strong>. De plus, vous pouvez facilement communiquer, prendre des rendez-vous et adapter votre pr\u00e9sence \u00e0 vos propres besoins et objectifs.<\/p>\t\t\t\t\t\t\t\t<\/div>\n\t\t\t\t<\/div>\n\t\t<div class=\"elementor-element elementor-element-01abf2c e-con-full e-grid e-con e-child\" data-id=\"01abf2c\" data-element_type=\"container\" data-settings=\"{&quot;background_background&quot;:&quot;classic&quot;}\">\n\t\t<div class=\"elementor-element elementor-element-2ca021d e-flex e-con-boxed e-con e-child\" data-id=\"2ca021d\" data-element_type=\"container\" data-settings=\"{&quot;background_background&quot;:&quot;classic&quot;}\">\n\t\t\t\t\t<div class=\"e-con-inner\">\n\t\t<div class=\"elementor-element elementor-element-faa4af2 e-con-full e-flex e-con e-child\" data-id=\"faa4af2\" data-element_type=\"container\">\n\t\t\t\t<div class=\"elementor-element elementor-element-f542b04 elementor-widget__width-inherit elementor-widget elementor-widget-heading\" data-id=\"f542b04\" data-element_type=\"widget\" data-widget_type=\"heading.default\">\n\t\t\t\t<div class=\"elementor-widget-container\">\n\t\t\t\t\t<h2 class=\"elementor-heading-title elementor-size-default\">Faites le premier pas et commencez \u00e0 planifier votre visite<\/h2>\t\t\t\t<\/div>\n\t\t\t\t<\/div>\n\t\t\t\t<div class=\"elementor-element elementor-element-0d83bc0 elementor-view-default elementor-widget elementor-widget-icon\" data-id=\"0d83bc0\" data-element_type=\"widget\" data-widget_type=\"icon.default\">\n\t\t\t\t<div class=\"elementor-widget-container\">\n\t\t\t\t\t\t\t<div class=\"elementor-icon-wrapper\">\n\t\t\t<div class=\"elementor-icon\">\n\t\t\t<i aria-hidden=\"true\" class=\"fas fa-rocket\"><\/i>\t\t\t<\/div>\n\t\t<\/div>\n\t\t\t\t\t\t<\/div>\n\t\t\t\t<\/div>\n\t\t\t\t<div class=\"elementor-element elementor-element-8a587ee elementor-widget elementor-widget-text-editor\" data-id=\"8a587ee\" data-element_type=\"widget\" data-widget_type=\"text-editor.default\">\n\t\t\t\t<div class=\"elementor-widget-container\">\n\t\t\t\t\t\t\t\t\t<p class=\"\" data-start=\"92\" data-end=\"314\">Planifier votre visite \u00e0 Industrie &amp; Maintenance est la cl\u00e9 d&rsquo;une exp\u00e9rience r\u00e9ussie. Gr\u00e2ce \u00e0 la nouvelle application, il est facile de pr\u00e9parer votre journ\u00e9e au salon, de saisir les opportunit\u00e9s et de tirer le meilleur parti de l&rsquo;\u00e9v\u00e9nement !<\/p>\t\t\t\t\t\t\t\t<\/div>\n\t\t\t\t<\/div>\n\t\t\t\t<\/div>\n\t\t\t\t\t<\/div>\n\t\t\t\t<\/div>\n\t\t<div class=\"elementor-element elementor-element-1ecfaf3 e-flex e-con-boxed e-con e-child\" data-id=\"1ecfaf3\" data-element_type=\"container\" data-settings=\"{&quot;background_background&quot;:&quot;classic&quot;}\">\n\t\t\t\t\t<div class=\"e-con-inner\">\n\t\t<div class=\"elementor-element elementor-element-aa9ea87 e-con-full e-flex e-con e-child\" data-id=\"aa9ea87\" data-element_type=\"container\">\n\t\t\t\t<div class=\"elementor-element elementor-element-ee17c6b elementor-widget__width-inherit elementor-widget elementor-widget-heading\" data-id=\"ee17c6b\" data-element_type=\"widget\" data-widget_type=\"heading.default\">\n\t\t\t\t<div class=\"elementor-widget-container\">\n\t\t\t\t\t<h2 class=\"elementor-heading-title elementor-size-default\">Obtenez des recommandations personnalis\u00e9es<\/h2>\t\t\t\t<\/div>\n\t\t\t\t<\/div>\n\t\t\t\t<div class=\"elementor-element elementor-element-8c64b19 elementor-view-default elementor-widget elementor-widget-icon\" data-id=\"8c64b19\" data-element_type=\"widget\" data-widget_type=\"icon.default\">\n\t\t\t\t<div class=\"elementor-widget-container\">\n\t\t\t\t\t\t\t<div class=\"elementor-icon-wrapper\">\n\t\t\t<div class=\"elementor-icon\">\n\t\t\t<i aria-hidden=\"true\" class=\"fas fa-handshake\"><\/i>\t\t\t<\/div>\n\t\t<\/div>\n\t\t\t\t\t\t<\/div>\n\t\t\t\t<\/div>\n\t\t\t\t<div class=\"elementor-element elementor-element-f66bf92 elementor-widget elementor-widget-text-editor\" data-id=\"f66bf92\" data-element_type=\"widget\" data-widget_type=\"text-editor.default\">\n\t\t\t\t<div class=\"elementor-widget-container\">\n\t\t\t\t\t\t\t\t\t<p>Recevez des suggestions personnalis\u00e9es sur les personnes les plus int\u00e9ressantes \u00e0 rencontrer. Gr\u00e2ce \u00e0 des algorithmes intelligents, vos pr\u00e9f\u00e9rences sont analys\u00e9es et les connexions les plus int\u00e9ressantes pour vous sont s\u00e9lectionn\u00e9es.<\/p>\t\t\t\t\t\t\t\t<\/div>\n\t\t\t\t<\/div>\n\t\t\t\t<\/div>\n\t\t\t\t\t<\/div>\n\t\t\t\t<\/div>\n\t\t<div class=\"elementor-element elementor-element-48e3286 e-flex e-con-boxed e-con e-child\" data-id=\"48e3286\" data-element_type=\"container\" data-settings=\"{&quot;background_background&quot;:&quot;classic&quot;}\">\n\t\t\t\t\t<div class=\"e-con-inner\">\n\t\t<div class=\"elementor-element elementor-element-3f398f0 e-con-full e-flex e-con e-child\" data-id=\"3f398f0\" data-element_type=\"container\">\n\t\t\t\t<div class=\"elementor-element elementor-element-3dd1d09 elementor-widget__width-inherit elementor-widget elementor-widget-heading\" data-id=\"3dd1d09\" data-element_type=\"widget\" data-widget_type=\"heading.default\">\n\t\t\t\t<div class=\"elementor-widget-container\">\n\t\t\t\t\t<h2 class=\"elementor-heading-title elementor-size-default\">Composez votre programme id\u00e9al !<\/h2>\t\t\t\t<\/div>\n\t\t\t\t<\/div>\n\t\t\t\t<div class=\"elementor-element elementor-element-7c21d2f elementor-view-default elementor-widget elementor-widget-icon\" data-id=\"7c21d2f\" data-element_type=\"widget\" data-widget_type=\"icon.default\">\n\t\t\t\t<div class=\"elementor-widget-container\">\n\t\t\t\t\t\t\t<div class=\"elementor-icon-wrapper\">\n\t\t\t<div class=\"elementor-icon\">\n\t\t\t<i aria-hidden=\"true\" class=\"fas fa-calendar-check\"><\/i>\t\t\t<\/div>\n\t\t<\/div>\n\t\t\t\t\t\t<\/div>\n\t\t\t\t<\/div>\n\t\t\t\t<div class=\"elementor-element elementor-element-fa397b7 elementor-widget elementor-widget-text-editor\" data-id=\"fa397b7\" data-element_type=\"widget\" data-widget_type=\"text-editor.default\">\n\t\t\t\t<div class=\"elementor-widget-container\">\n\t\t\t\t\t\t\t\t\t<p>Restez toujours inform\u00e9 et ne manquez plus jamais une session importante ! Explorez le programme du s\u00e9minaire, d\u00e9couvrez les intervenants et les th\u00e8mes abord\u00e9s, et ajoutez facilement les sessions auxquelles vous souhaitez assister \u00e0 votre agenda personnel.<\/p>\t\t\t\t\t\t\t\t<\/div>\n\t\t\t\t<\/div>\n\t\t\t\t<\/div>\n\t\t\t\t\t<\/div>\n\t\t\t\t<\/div>\n\t\t\t\t<\/div>\n\t\t<div class=\"elementor-element elementor-element-8610fe0 e-flex e-con-boxed e-con e-child\" data-id=\"8610fe0\" data-element_type=\"container\" data-settings=\"{&quot;background_background&quot;:&quot;classic&quot;}\">\n\t\t\t\t\t<div class=\"e-con-inner\">\n\t\t<div class=\"elementor-element elementor-element-c6d7f97 e-con-full e-flex e-con e-child\" data-id=\"c6d7f97\" data-element_type=\"container\" data-settings=\"{&quot;background_background&quot;:&quot;classic&quot;}\">\n\t\t\t\t<div class=\"elementor-element elementor-element-fac3077 elementor-widget elementor-widget-heading\" data-id=\"fac3077\" data-element_type=\"widget\" data-widget_type=\"heading.default\">\n\t\t\t\t<div class=\"elementor-widget-container\">\n\t\t\t\t\t<h2 class=\"elementor-heading-title elementor-size-default\">Avantages de l'application Easyfairs Belgium<\/h2>\t\t\t\t<\/div>\n\t\t\t\t<\/div>\n\t\t\t\t<div class=\"elementor-element elementor-element-c53f2ff elementor-widget elementor-widget-text-editor\" data-id=\"c53f2ff\" data-element_type=\"widget\" data-widget_type=\"text-editor.default\">\n\t\t\t\t<div class=\"elementor-widget-container\">\n\t\t\t\t\t\t\t\t\t<table class=\"min-w-full\" data-end=\"3020\" data-start=\"2452\"><thead data-end=\"2546\" data-start=\"2452\"><tr data-end=\"2546\" data-start=\"2452\"><th data-end=\"2474\" data-start=\"2452\">\ud83d\udcc8 <strong data-end=\"2473\" data-start=\"2457\">Boost r\u00e9seau<\/strong><\/th><th data-end=\"2546\" data-start=\"2474\">Augmentez la visibilit\u00e9 de votre entreprise et rencontrez les bonnes personnes<\/th><\/tr><\/thead><tbody data-end=\"3020\" data-start=\"2644\"><tr data-end=\"2738\" data-start=\"2644\"><td class=\"max-w-[calc(var(--thread-content-max-width)*2\/3)]\" data-end=\"2670\" data-start=\"2644\">\ud83d\udcc5 <strong data-end=\"2669\" data-start=\"2649\">Planificateur de rendez-vous<\/strong><\/td><td class=\"max-w-[calc(var(--thread-content-max-width)*2\/3)] min-w-[calc(var(--thread-content-max-width)\/3)]\" data-end=\"2738\" data-start=\"2670\">Les visiteurs peuvent r\u00e9server leurs rendez-vous \u00e0 l&rsquo;avance, ce qui leur fait gagner du temps.<\/td><\/tr><tr data-end=\"2835\" data-start=\"2739\"><td class=\"max-w-[calc(var(--thread-content-max-width)*2\/3)]\" data-end=\"2768\" data-start=\"2739\">\ud83d\udcac <strong data-end=\"2767\" data-start=\"2744\">Communication rapide<\/strong><\/td><td class=\"max-w-[calc(var(--thread-content-max-width)*2\/3)] min-w-[calc(var(--thread-content-max-width)\/3)]\" data-end=\"2835\" data-start=\"2768\">Discutez avec les contacts int\u00e9ress\u00e9s avant, pendant et apr\u00e8s le salon<\/td><\/tr><tr data-end=\"2929\" data-start=\"2836\"><td class=\"max-w-[calc(var(--thread-content-max-width)*2\/3)]\" data-end=\"2872\" data-start=\"2836\">\ud83e\udded <strong data-end=\"2871\" data-start=\"2841\">Recommandations personnelles<\/strong><\/td><td class=\"max-w-[calc(var(--thread-content-max-width)*2\/3)] min-w-[calc(var(--thread-content-max-width)\/3)]\" data-end=\"2929\" data-start=\"2872\">Recevez des suggestions adapt\u00e9es \u00e0 votre profil et \u00e0 vos centres d&rsquo;int\u00e9r\u00eat<\/td><\/tr><tr data-end=\"3020\" data-start=\"2930\"><td class=\"max-w-[calc(var(--thread-content-max-width)*2\/3)]\" data-end=\"2963\" data-start=\"2930\">\ud83d\udd10 <strong data-end=\"2962\" data-start=\"2935\">Int\u00e9gration My Easyfairs<\/strong><\/td><td class=\"max-w-[calc(var(--thread-content-max-width)*2\/3)] min-w-[calc(var(--thread-content-max-width)\/3)]\" data-end=\"3020\" data-start=\"2963\">Toutes les informations sont clairement reli\u00e9es entre elles et disponibles en un seul endroit.<\/td><\/tr><\/tbody><\/table>\t\t\t\t\t\t\t\t<\/div>\n\t\t\t\t<\/div>\n\t\t\t\t<\/div>\n\t\t\t\t\t<\/div>\n\t\t\t\t<\/div>\n\t\t<div class=\"elementor-element elementor-element-8f7a2f6 e-flex e-con-boxed e-con e-child\" data-id=\"8f7a2f6\" data-element_type=\"container\" data-settings=\"{&quot;background_background&quot;:&quot;classic&quot;}\">\n\t\t\t\t\t<div class=\"e-con-inner\">\n\t\t<div class=\"elementor-element elementor-element-c011931 e-flex e-con-boxed e-con e-child\" data-id=\"c011931\" data-element_type=\"container\" data-settings=\"{&quot;background_background&quot;:&quot;classic&quot;}\">\n\t\t\t\t\t<div class=\"e-con-inner\">\n\t\t\t\t\t<\/div>\n\t\t\t\t<\/div>\n\t\t<div class=\"elementor-element elementor-element-dcd3fb2 e-flex e-con-boxed e-con e-child\" data-id=\"dcd3fb2\" data-element_type=\"container\">\n\t\t\t\t\t<div class=\"e-con-inner\">\n\t\t\t\t<div class=\"elementor-element elementor-element-0f47162 elementor-widget elementor-widget-heading\" data-id=\"0f47162\" data-element_type=\"widget\" data-widget_type=\"heading.default\">\n\t\t\t\t<div class=\"elementor-widget-container\">\n\t\t\t\t\t<h2 class=\"elementor-heading-title elementor-size-default\">Comment \u00e7a marche ?<\/h2>\t\t\t\t<\/div>\n\t\t\t\t<\/div>\n\t\t\t\t<div class=\"elementor-element elementor-element-a2c484e elementor-widget elementor-widget-text-editor\" data-id=\"a2c484e\" data-element_type=\"widget\" data-widget_type=\"text-editor.default\">\n\t\t\t\t<div class=\"elementor-widget-container\">\n\t\t\t\t\t\t\t\t\t<ol><li data-end=\"284\" data-start=\"101\"><strong data-end=\"128\" data-start=\"101\">Enregistrez votre \u00e9quipe de stand<\/strong><br data-end=\"131\" data-start=\"128\" \/>Une fois votre personnel de stand enregistr\u00e9, celui-ci recevra automatiquement un e-mail d&rsquo;invitation pour cr\u00e9er son compte personnel dans l&rsquo;application <span data-olk-copy-source=\"MessageBody\">Easyfairs Belgium<\/span>.<\/li><li data-end=\"488\" data-start=\"289\"><strong data-end=\"311\" data-start=\"289\">Cr\u00e9ez votre profil<\/strong><br data-end=\"314\" data-start=\"311\" \/>Remplissez votre profil utilisateur et indiquez vos centres d&rsquo;int\u00e9r\u00eat et ce que vous recherchez lors de l&rsquo;\u00e9v\u00e9nement. Vous recevrez ainsi des contacts pertinents et des recommandations personnalis\u00e9es.<\/li><li data-end=\"692\" data-start=\"493\"><strong data-end=\"512\" data-start=\"493\">T\u00e9l\u00e9chargez l&rsquo;application<\/strong><br data-end=\"515\" data-start=\"512\" \/>Installez l&rsquo;application sur votre appareil et commencez imm\u00e9diatement \u00e0 planifier vos rendez-vous, \u00e0 \u00e9tablir des contacts et \u00e0 g\u00e9rer votre participation au salon, o\u00f9 et quand vous le souhaitez.<\/li><\/ol>\t\t\t\t\t\t\t\t<\/div>\n\t\t\t\t<\/div>\n\t\t\t\t\t<\/div>\n\t\t\t\t<\/div>\n\t\t\t\t\t<\/div>\n\t\t\t\t<\/div>\n\t\t\t\t\t<\/div>\n\t\t\t\t<\/div>\n\t\t<div class=\"elementor-element elementor-element-1f27d5e e-flex e-con-boxed e-con e-parent\" data-id=\"1f27d5e\" data-element_type=\"container\" data-settings=\"{&quot;background_background&quot;:&quot;classic&quot;}\">\n\t\t\t\t\t<div class=\"e-con-inner\">\n\t\t<div class=\"elementor-element elementor-element-f25f7f4 e-con-full e-flex e-con e-child\" data-id=\"f25f7f4\" data-element_type=\"container\" data-settings=\"{&quot;background_background&quot;:&quot;classic&quot;}\">\n\t\t\t\t<div class=\"elementor-element elementor-element-7703393 elementor-widget elementor-widget-heading\" data-id=\"7703393\" data-element_type=\"widget\" data-widget_type=\"heading.default\">\n\t\t\t\t<div class=\"elementor-widget-container\">\n\t\t\t\t\t<h2 class=\"elementor-heading-title elementor-size-default\">Tirez le meilleur parti de votre participation !\n<\/h2>\t\t\t\t<\/div>\n\t\t\t\t<\/div>\n\t\t\t\t<div class=\"elementor-element elementor-element-b988ec7 elementor-widget elementor-widget-text-editor\" data-id=\"b988ec7\" data-element_type=\"widget\" data-widget_type=\"text-editor.default\">\n\t\t\t\t<div class=\"elementor-widget-container\">\n\t\t\t\t\t\t\t\t\t<p><span data-olk-copy-source=\"MessageBody\">L&rsquo;application Easyfairs Belgium<\/span> est plus qu&rsquo;un simple outil de planification. C&rsquo;est votre assistant personnel, con\u00e7u pour vous offrir une exp\u00e9rience riche et fluide, depuis le moment o\u00f9 vous d\u00e9cidez de nous rendre visite jusqu&rsquo;\u00e0 votre d\u00e9part.<\/p><p>Optimisez votre visite au salon, nouez de nouveaux contacts et restez inform\u00e9 de tout ce que Industrie &amp; Maintenace a \u00e0 offrir.<\/p>\t\t\t\t\t\t\t\t<\/div>\n\t\t\t\t<\/div>\n\t\t\t\t<div class=\"elementor-element elementor-element-10bdebb elementor-widget elementor-widget-button\" data-id=\"10bdebb\" data-element_type=\"widget\" data-widget_type=\"button.default\">\n\t\t\t\t<div class=\"elementor-widget-container\">\n\t\t\t\t\t\t\t\t\t<div class=\"elementor-button-wrapper\">\n\t\t\t\t\t<a class=\"elementor-button elementor-button-link elementor-size-sm\" href=\"https:\/\/apps.apple.com\/nl\/app\/easyfairs-belgium\/id6680193572\">\n\t\t\t\t\t\t<span class=\"elementor-button-content-wrapper\">\n\t\t\t\t\t\t\t\t\t<span class=\"elementor-button-text\">Apple App Store <\/span>\n\t\t\t\t\t<\/span>\n\t\t\t\t\t<\/a>\n\t\t\t\t<\/div>\n\t\t\t\t\t\t\t\t<\/div>\n\t\t\t\t<\/div>\n\t\t\t\t<div class=\"elementor-element elementor-element-40e509d elementor-widget elementor-widget-button\" data-id=\"40e509d\" data-element_type=\"widget\" data-widget_type=\"button.default\">\n\t\t\t\t<div class=\"elementor-widget-container\">\n\t\t\t\t\t\t\t\t\t<div class=\"elementor-button-wrapper\">\n\t\t\t\t\t<a class=\"elementor-button elementor-button-link elementor-size-sm\" href=\"https:\/\/play.google.com\/store\/apps\/details?id=events.grip.efbe1047&#038;hl=en\">\n\t\t\t\t\t\t<span class=\"elementor-button-content-wrapper\">\n\t\t\t\t\t\t\t\t\t<span class=\"elementor-button-text\">Google Play Store<\/span>\n\t\t\t\t\t<\/span>\n\t\t\t\t\t<\/a>\n\t\t\t\t<\/div>\n\t\t\t\t\t\t\t\t<\/div>\n\t\t\t\t<\/div>\n\t\t\t\t<\/div>\n\t\t\t\t\t<\/div>\n\t\t\t\t<\/div>\n\t\t\t\t<\/div>\n\t\t","protected":false},"excerpt":{"rendered":"<p>Optimisez votre participation au salon gr\u00e2ce \u00e0 l&rsquo;application Easyfairs Belgium D\u00e9couvrez la toute nouvelle application Easyfairs Belgium : l&rsquo;outil qui vous permettra de tirer le meilleur parti de votre participation au salon. \u00c9tablissez des contacts, planifiez des rendez-vous et restez pr\u00e9sent dans l&rsquo;esprit de vos clients et prospects, le tout gr\u00e2ce \u00e0 une application pratique. [&hellip;]<\/p>\n","protected":false},"author":1351,"featured_media":0,"parent":0,"menu_order":0,"comment_status":"closed","ping_status":"closed","template":"","meta":{"_seopress_robots_primary_cat":"","_seopress_titles_title":"Easyfairs Belgium app","_seopress_titles_desc":"D\u00e9couvrez la toute nouvelle application Easyfairs Belgium : l'outil qui vous permettra de tirer le meilleur parti de votre participation au salon. \u00c9tablissez des contacts, planifiez des rendez-vous et restez pr\u00e9sent dans l'esprit de vos clients et prospects, le tout via une seule application pratique.","_seopress_robots_index":"","footnotes":""},"class_list":["post-19742","page","type-page","status-publish","hentry"],"_links":{"self":[{"href":"https:\/\/www.im-namur.be\/fr\/wp-json\/wp\/v2\/pages\/19742","targetHints":{"allow":["GET"]}}],"collection":[{"href":"https:\/\/www.im-namur.be\/fr\/wp-json\/wp\/v2\/pages"}],"about":[{"href":"https:\/\/www.im-namur.be\/fr\/wp-json\/wp\/v2\/types\/page"}],"author":[{"embeddable":true,"href":"https:\/\/www.im-namur.be\/fr\/wp-json\/wp\/v2\/users\/1351"}],"replies":[{"embeddable":true,"href":"https:\/\/www.im-namur.be\/fr\/wp-json\/wp\/v2\/comments?post=19742"}],"version-history":[{"count":5,"href":"https:\/\/www.im-namur.be\/fr\/wp-json\/wp\/v2\/pages\/19742\/revisions"}],"predecessor-version":[{"id":19755,"href":"https:\/\/www.im-namur.be\/fr\/wp-json\/wp\/v2\/pages\/19742\/revisions\/19755"}],"wp:attachment":[{"href":"https:\/\/www.im-namur.be\/fr\/wp-json\/wp\/v2\/media?parent=19742"}],"curies":[{"name":"wp","href":"https:\/\/api.w.org\/{rel}","templated":true}]}}