{"id":174,"date":"2020-01-28T12:47:22","date_gmt":"2020-01-28T11:47:22","guid":{"rendered":"https:\/\/www.im-namur.be\/?page_id=174"},"modified":"2024-04-20T12:06:23","modified_gmt":"2024-04-20T10:06:23","slug":"smart-badge","status":"publish","type":"page","link":"https:\/\/www.im-namur.be\/fr\/smart-badge\/","title":{"rendered":"Smart Badge"},"content":{"rendered":"\t\t<div data-elementor-type=\"wp-page\" data-elementor-id=\"174\" class=\"elementor elementor-174\" data-elementor-post-type=\"page\">\n\t\t\t\t\t\t<section class=\"elementor-section elementor-top-section elementor-element elementor-element-2965a1e elementor-section-boxed elementor-section-height-default elementor-section-height-default\" data-id=\"2965a1e\" data-element_type=\"section\" data-settings=\"{&quot;background_background&quot;:&quot;classic&quot;}\">\n\t\t\t\t\t\t<div class=\"elementor-container elementor-column-gap-default\">\n\t\t\t\t\t<div class=\"elementor-column elementor-col-50 elementor-top-column elementor-element elementor-element-5b5d2b0\" data-id=\"5b5d2b0\" data-element_type=\"column\">\n\t\t\t<div class=\"elementor-widget-wrap elementor-element-populated\">\n\t\t\t\t\t\t<div class=\"elementor-element elementor-element-739ee84 elementor-widget elementor-widget-heading\" data-id=\"739ee84\" data-element_type=\"widget\" data-widget_type=\"heading.default\">\n\t\t\t\t<div class=\"elementor-widget-container\">\n\t\t\t\t\t<h2 class=\"elementor-heading-title elementor-size-default\">Technologie Smart Badge<\/h2>\t\t\t\t<\/div>\n\t\t\t\t<\/div>\n\t\t\t\t<div class=\"elementor-element elementor-element-d16783e elementor-widget elementor-widget-text-editor\" data-id=\"d16783e\" data-element_type=\"widget\" data-widget_type=\"text-editor.default\">\n\t\t\t\t<div class=\"elementor-widget-container\">\n\t\t\t\t\t\t\t\t\t<p>\u00a0<\/p><p>Obtenez facilement et rapidement des informations de la part des exposants gr\u00e2ce \u00e0 notre technologie Smart Badge.<\/p>\t\t\t\t\t\t\t\t<\/div>\n\t\t\t\t<\/div>\n\t\t\t\t\t<\/div>\n\t\t<\/div>\n\t\t\t\t<div class=\"elementor-column elementor-col-50 elementor-top-column elementor-element elementor-element-021458e\" data-id=\"021458e\" data-element_type=\"column\">\n\t\t\t<div class=\"elementor-widget-wrap elementor-element-populated\">\n\t\t\t\t\t\t<div class=\"elementor-element elementor-element-575cd52 elementor-widget elementor-widget-image\" data-id=\"575cd52\" data-element_type=\"widget\" data-widget_type=\"image.default\">\n\t\t\t\t<div class=\"elementor-widget-container\">\n\t\t\t\t\t\t\t\t\t\t\t\t\t\t\t<img fetchpriority=\"high\" decoding=\"async\" width=\"800\" height=\"534\" src=\"https:\/\/easyfairsassets.com\/sites\/238\/2024\/04\/Badgy-herschaald-1024x683-1.jpg\" class=\"attachment-large size-large wp-image-16291\" alt=\"Smart badge\" srcset=\"https:\/\/easyfairsassets.com\/sites\/238\/2024\/04\/Badgy-herschaald-1024x683-1.jpg 1024w, https:\/\/easyfairsassets.com\/sites\/238\/2024\/04\/Badgy-herschaald-1024x683-1-300x200.jpg 300w, https:\/\/easyfairsassets.com\/sites\/238\/2024\/04\/Badgy-herschaald-1024x683-1-768x512.jpg 768w\" sizes=\"(max-width: 800px) 100vw, 800px\" \/>\t\t\t\t\t\t\t\t\t\t\t\t\t\t\t<\/div>\n\t\t\t\t<\/div>\n\t\t\t\t\t<\/div>\n\t\t<\/div>\n\t\t\t\t\t<\/div>\n\t\t<\/section>\n\t\t<div class=\"elementor-element elementor-element-a5e05d3 e-flex e-con-boxed e-con e-parent\" data-id=\"a5e05d3\" data-element_type=\"container\">\n\t\t\t\t\t<div class=\"e-con-inner\">\n\t\t\t\t<div class=\"elementor-element elementor-element-b6eed2c elementor-widget elementor-widget-spacer\" data-id=\"b6eed2c\" data-element_type=\"widget\" data-widget_type=\"spacer.default\">\n\t\t\t\t<div class=\"elementor-widget-container\">\n\t\t\t\t\t\t\t<div class=\"elementor-spacer\">\n\t\t\t<div class=\"elementor-spacer-inner\"><\/div>\n\t\t<\/div>\n\t\t\t\t\t\t<\/div>\n\t\t\t\t<\/div>\n\t\t\t\t\t<\/div>\n\t\t\t\t<\/div>\n\t\t<div class=\"elementor-element elementor-element-8271462 e-flex e-con-boxed e-con e-parent\" data-id=\"8271462\" data-element_type=\"container\" data-settings=\"{&quot;background_background&quot;:&quot;classic&quot;}\">\n\t\t\t\t\t<div class=\"e-con-inner\">\n\t\t\t\t<div class=\"elementor-element elementor-element-c2f1fdb elementor-widget elementor-widget-heading\" data-id=\"c2f1fdb\" data-element_type=\"widget\" data-widget_type=\"heading.default\">\n\t\t\t\t<div class=\"elementor-widget-container\">\n\t\t\t\t\t<h2 class=\"elementor-heading-title elementor-size-default\">Comment utiliser votre badge visiteur\u2009?<\/h2>\t\t\t\t<\/div>\n\t\t\t\t<\/div>\n\t\t\t\t<div class=\"elementor-element elementor-element-5d398d7 elementor-widget elementor-widget-text-editor\" data-id=\"5d398d7\" data-element_type=\"widget\" data-widget_type=\"text-editor.default\">\n\t\t\t\t<div class=\"elementor-widget-container\">\n\t\t\t\t\t\t\t\t\t<ol><li>Vous constaterez la pr\u00e9sence d\u2019un ou de plusieurs de ces pr\u00e9sentoirs verts sur chaque stand. Un exposant et ses produits vous int\u00e9ressent particuli\u00e8rement\u2009? Placez votre badge visiteur contre le lecteur int\u00e9gr\u00e9 au pr\u00e9sentoir. Votre badge est correctement scann\u00e9 si vous entendez un bip et si la lumi\u00e8re verte du lecteur s\u2019allume.<\/li><li>Le lendemain de votre visite, vous recevez un email reprenant toutes les informations des exposants chez lesquels vous avez scann\u00e9 votre badge, ainsi que quelques recommandations d\u2019exposants qui pourraient \u00e9galement vous int\u00e9resser.<\/li><\/ol>\t\t\t\t\t\t\t\t<\/div>\n\t\t\t\t<\/div>\n\t\t\t\t<div class=\"elementor-element elementor-element-93be01a elementor-widget elementor-widget-heading\" data-id=\"93be01a\" data-element_type=\"widget\" data-widget_type=\"heading.default\">\n\t\t\t\t<div class=\"elementor-widget-container\">\n\t\t\t\t\t<h2 class=\"elementor-heading-title elementor-size-default\">Vos avantages\u202f:<\/h2>\t\t\t\t<\/div>\n\t\t\t\t<\/div>\n\t\t\t\t<div class=\"elementor-element elementor-element-137a4fb elementor-widget elementor-widget-text-editor\" data-id=\"137a4fb\" data-element_type=\"widget\" data-widget_type=\"text-editor.default\">\n\t\t\t\t<div class=\"elementor-widget-container\">\n\t\t\t\t\t\t\t\t\t<ol><li>Votre badge visiteur vous sert de de porte-documents virtuel durant le salon. Plus besoin de transporter des catalogues lourds et encombrants, ni de prendre des notes\u2009!<\/li><li>Vous savez ainsi quels stands vous avez d\u00e9j\u00e0 visit\u00e9s. Pratique\u202f: vous recevez un email avec un aper\u00e7u complet de votre visite.<\/li><li>Pas de spam. Vous ne recevez, sous forme num\u00e9rique, que les informations des exposants pour lesquels vous avez marqu\u00e9 un int\u00e9r\u00eat.<\/li><\/ol>\t\t\t\t\t\t\t\t<\/div>\n\t\t\t\t<\/div>\n\t\t\t\t\t<\/div>\n\t\t\t\t<\/div>\n\t\t<div class=\"elementor-element elementor-element-9ba207d e-flex e-con-boxed e-con e-parent\" data-id=\"9ba207d\" data-element_type=\"container\">\n\t\t\t\t\t<div class=\"e-con-inner\">\n\t\t\t\t<div class=\"elementor-element elementor-element-3b3da50 elementor-widget elementor-widget-heading\" data-id=\"3b3da50\" data-element_type=\"widget\" data-widget_type=\"heading.default\">\n\t\t\t\t<div class=\"elementor-widget-container\">\n\t\t\t\t\t<h2 class=\"elementor-heading-title elementor-size-default\">\n\n\n\n<\/h2>\t\t\t\t<\/div>\n\t\t\t\t<\/div>\n\t\t\t\t\t<\/div>\n\t\t\t\t<\/div>\n\t\t<div class=\"elementor-element elementor-element-3fe7d84 e-flex e-con-boxed e-con e-parent\" data-id=\"3fe7d84\" data-element_type=\"container\">\n\t\t\t\t\t<div class=\"e-con-inner\">\n\t\t\t\t<div class=\"elementor-element elementor-element-bd26303 elementor-widget elementor-widget-video\" data-id=\"bd26303\" data-element_type=\"widget\" data-settings=\"{&quot;youtube_url&quot;:&quot;https:\\\/\\\/www.youtube.com\\\/watch?v=ikKCfzrS3nQ&quot;,&quot;video_type&quot;:&quot;youtube&quot;,&quot;controls&quot;:&quot;yes&quot;}\" data-widget_type=\"video.default\">\n\t\t\t\t<div class=\"elementor-widget-container\">\n\t\t\t\t\t\t\t<div class=\"elementor-wrapper elementor-open-inline\">\n\t\t\t<div class=\"elementor-video\"><\/div>\t\t<\/div>\n\t\t\t\t\t\t<\/div>\n\t\t\t\t<\/div>\n\t\t\t\t\t<\/div>\n\t\t\t\t<\/div>\n\t\t\t\t<\/div>\n\t\t","protected":false},"excerpt":{"rendered":"<p>Technologie Smart Badge \u00a0 Obtenez facilement et rapidement des informations de la part des exposants gr\u00e2ce \u00e0 notre technologie Smart Badge. Comment utiliser votre badge visiteur\u2009? Vous constaterez la pr\u00e9sence d\u2019un ou de plusieurs de ces pr\u00e9sentoirs verts sur chaque stand. Un exposant et ses produits vous int\u00e9ressent particuli\u00e8rement\u2009? Placez votre badge visiteur contre le [&hellip;]<\/p>\n","protected":false},"author":38,"featured_media":0,"parent":0,"menu_order":0,"comment_status":"closed","ping_status":"closed","template":"","meta":{"_seopress_robots_primary_cat":"","_seopress_titles_title":"Smart Badge - Industrie &amp; Maintenance 2020","_seopress_titles_desc":"En tant que visiteur, vous pouvez utiliser votre Smart Badge (Touch &amp; Collect) pour obtenir des informations des exposants et recevoir les informations de ces soci\u00e9t\u00e9s par e-mail.","_seopress_robots_index":"","footnotes":""},"class_list":["post-174","page","type-page","status-publish","hentry"],"_links":{"self":[{"href":"https:\/\/www.im-namur.be\/fr\/wp-json\/wp\/v2\/pages\/174","targetHints":{"allow":["GET"]}}],"collection":[{"href":"https:\/\/www.im-namur.be\/fr\/wp-json\/wp\/v2\/pages"}],"about":[{"href":"https:\/\/www.im-namur.be\/fr\/wp-json\/wp\/v2\/types\/page"}],"author":[{"embeddable":true,"href":"https:\/\/www.im-namur.be\/fr\/wp-json\/wp\/v2\/users\/38"}],"replies":[{"embeddable":true,"href":"https:\/\/www.im-namur.be\/fr\/wp-json\/wp\/v2\/comments?post=174"}],"version-history":[{"count":5,"href":"https:\/\/www.im-namur.be\/fr\/wp-json\/wp\/v2\/pages\/174\/revisions"}],"predecessor-version":[{"id":17017,"href":"https:\/\/www.im-namur.be\/fr\/wp-json\/wp\/v2\/pages\/174\/revisions\/17017"}],"wp:attachment":[{"href":"https:\/\/www.im-namur.be\/fr\/wp-json\/wp\/v2\/media?parent=174"}],"curies":[{"name":"wp","href":"https:\/\/api.w.org\/{rel}","templated":true}]}}