{"id":172,"date":"2020-01-28T12:46:31","date_gmt":"2020-01-28T11:46:31","guid":{"rendered":"https:\/\/www.im-namur.be\/?page_id=172"},"modified":"2024-04-20T12:04:15","modified_gmt":"2024-04-20T10:04:15","slug":"profil-des-exposants","status":"publish","type":"page","link":"https:\/\/www.im-namur.be\/fr\/profil-des-exposants\/","title":{"rendered":"Profil des exposants"},"content":{"rendered":"\t\t<div data-elementor-type=\"wp-page\" data-elementor-id=\"172\" class=\"elementor elementor-172\" data-elementor-post-type=\"page\">\n\t\t\t\t\t\t<section class=\"elementor-section elementor-top-section elementor-element elementor-element-137763d elementor-section-boxed elementor-section-height-default elementor-section-height-default elementor-invisible\" data-id=\"137763d\" data-element_type=\"section\" data-settings=\"{&quot;animation&quot;:&quot;zoomIn&quot;}\">\n\t\t\t\t\t\t<div class=\"elementor-container elementor-column-gap-default\">\n\t\t\t\t\t<div class=\"elementor-column elementor-col-100 elementor-top-column elementor-element elementor-element-41be3c3\" data-id=\"41be3c3\" data-element_type=\"column\">\n\t\t\t<div class=\"elementor-widget-wrap elementor-element-populated\">\n\t\t\t\t\t\t<div class=\"elementor-element elementor-element-41c67a1 elementor-widget elementor-widget-text-editor\" data-id=\"41c67a1\" data-element_type=\"widget\" data-widget_type=\"text-editor.default\">\n\t\t\t\t<div class=\"elementor-widget-container\">\n\t\t\t\t\t\t\t\t\t<h1>Qui sont les exposants?<\/h1>\t\t\t\t\t\t\t\t<\/div>\n\t\t\t\t<\/div>\n\t\t\t\t<div class=\"elementor-element elementor-element-e02ba09 elementor-widget elementor-widget-text-editor\" data-id=\"e02ba09\" data-element_type=\"widget\" data-widget_type=\"text-editor.default\">\n\t\t\t\t<div class=\"elementor-widget-container\">\n\t\t\t\t\t\t\t\t\t<h2>Les exposants de Industrie &amp; Maintenance sont actifs dans les secteurs suivants<\/h2>\t\t\t\t\t\t\t\t<\/div>\n\t\t\t\t<\/div>\n\t\t\t\t\t<\/div>\n\t\t<\/div>\n\t\t\t\t\t<\/div>\n\t\t<\/section>\n\t\t\t\t<section class=\"elementor-section elementor-top-section elementor-element elementor-element-b23b65c elementor-section-boxed elementor-section-height-default elementor-section-height-default\" data-id=\"b23b65c\" data-element_type=\"section\">\n\t\t\t\t\t\t<div class=\"elementor-container elementor-column-gap-default\">\n\t\t\t\t\t<div class=\"elementor-column elementor-col-100 elementor-top-column elementor-element elementor-element-4909dfd\" data-id=\"4909dfd\" data-element_type=\"column\">\n\t\t\t<div class=\"elementor-widget-wrap elementor-element-populated\">\n\t\t\t\t\t\t<div class=\"elementor-element elementor-element-b5a1d62 elementor-align-center elementor-widget elementor-widget-dynamic-button\" data-id=\"b5a1d62\" data-element_type=\"widget\" data-widget_type=\"dynamic-button.default\">\n\t\t\t\t<div class=\"elementor-widget-container\">\n\t\t\t\t\t        <div class=\"elementor-button-wrapper\">\n            <a href=\"https:\/\/www.im-namur.be\/exhibitor\/\" class=\"elementor-button-link elementor-button elementor-size-sm\" role=\"button\">\n                        <span class=\"elementor-button-content-wrapper\">\n\t\t\t                <span class=\"elementor-button-icon elementor-align-icon-right\">\n\t\t\t\t<i aria-hidden=\"true\" class=\"fas fa-long-arrow-alt-right\"><\/i>\t\t\t<\/span>\n            \t\t\t<span class=\"elementor-button-text\">Liste des exposants<\/span>\n\t\t<\/span>\n                    <\/a>\n        <\/div>\n        \t\t\t\t<\/div>\n\t\t\t\t<\/div>\n\t\t\t\t\t<\/div>\n\t\t<\/div>\n\t\t\t\t\t<\/div>\n\t\t<\/section>\n\t\t\t\t<section class=\"elementor-section elementor-top-section elementor-element elementor-element-5d4448f elementor-section-boxed elementor-section-height-default elementor-section-height-default\" data-id=\"5d4448f\" data-element_type=\"section\" data-settings=\"{&quot;background_background&quot;:&quot;classic&quot;}\">\n\t\t\t\t\t\t<div class=\"elementor-container elementor-column-gap-default\">\n\t\t\t\t\t<div class=\"elementor-column elementor-col-25 elementor-top-column elementor-element elementor-element-4834f84\" data-id=\"4834f84\" data-element_type=\"column\" data-settings=\"{&quot;background_background&quot;:&quot;classic&quot;}\">\n\t\t\t<div class=\"elementor-widget-wrap elementor-element-populated\">\n\t\t\t\t\t\t<div class=\"elementor-element elementor-element-063fa93 elementor-widget__width-initial elementor-widget elementor-widget-heading\" data-id=\"063fa93\" data-element_type=\"widget\" data-widget_type=\"heading.default\">\n\t\t\t\t<div class=\"elementor-widget-container\">\n\t\t\t\t\t<h2 class=\"elementor-heading-title elementor-size-default\">Pompes et vannes<\/h2>\t\t\t\t<\/div>\n\t\t\t\t<\/div>\n\t\t\t\t<div class=\"elementor-element elementor-element-4b44efd elementor-widget elementor-widget-image\" data-id=\"4b44efd\" data-element_type=\"widget\" data-widget_type=\"image.default\">\n\t\t\t\t<div class=\"elementor-widget-container\">\n\t\t\t\t\t\t\t\t\t\t\t\t\t\t\t<img fetchpriority=\"high\" decoding=\"async\" width=\"800\" height=\"708\" src=\"https:\/\/easyfairsassets.com\/sites\/238\/2024\/04\/LOWRES-3D2A7491-2-1024x906.jpg\" class=\"attachment-large size-large wp-image-16901\" alt=\"Pumps &amp; Valves 2024\" srcset=\"https:\/\/easyfairsassets.com\/sites\/238\/2024\/04\/LOWRES-3D2A7491-2-1024x906.jpg 1024w, https:\/\/easyfairsassets.com\/sites\/238\/2024\/04\/LOWRES-3D2A7491-2-300x265.jpg 300w, https:\/\/easyfairsassets.com\/sites\/238\/2024\/04\/LOWRES-3D2A7491-2-768x679.jpg 768w, https:\/\/easyfairsassets.com\/sites\/238\/2024\/04\/LOWRES-3D2A7491-2-1536x1358.jpg 1536w, https:\/\/easyfairsassets.com\/sites\/238\/2024\/04\/LOWRES-3D2A7491-2.jpg 1920w\" sizes=\"(max-width: 800px) 100vw, 800px\" \/>\t\t\t\t\t\t\t\t\t\t\t\t\t\t\t<\/div>\n\t\t\t\t<\/div>\n\t\t\t\t<div class=\"elementor-element elementor-element-0e7a829 elementor-widget__width-initial elementor-widget elementor-widget-text-editor\" data-id=\"0e7a829\" data-element_type=\"widget\" data-widget_type=\"text-editor.default\">\n\t\t\t\t<div class=\"elementor-widget-container\">\n\t\t\t\t\t\t\t\t\t<ul><li>Pompes industrielles<\/li><li>Vannes<\/li><li>Vannes de contr\u00f4le industrielles<\/li><li>Filtres et filtration<\/li><li>\u00c9quipement de processus<\/li><li>Tuyaux &amp; ol\u00e9oducs<\/li><li>Services pour l&rsquo;industrie<\/li><\/ul>\t\t\t\t\t\t\t\t<\/div>\n\t\t\t\t<\/div>\n\t\t\t\t\t<\/div>\n\t\t<\/div>\n\t\t\t\t<div class=\"elementor-column elementor-col-25 elementor-top-column elementor-element elementor-element-e1dde92\" data-id=\"e1dde92\" data-element_type=\"column\" data-settings=\"{&quot;background_background&quot;:&quot;classic&quot;}\">\n\t\t\t<div class=\"elementor-widget-wrap elementor-element-populated\">\n\t\t\t\t\t\t<div class=\"elementor-element elementor-element-fd1ca2a elementor-widget__width-initial elementor-widget elementor-widget-heading\" data-id=\"fd1ca2a\" data-element_type=\"widget\" data-widget_type=\"heading.default\">\n\t\t\t\t<div class=\"elementor-widget-container\">\n\t\t\t\t\t<h2 class=\"elementor-heading-title elementor-size-default\">Instruments de mesure<\/h2>\t\t\t\t<\/div>\n\t\t\t\t<\/div>\n\t\t\t\t<div class=\"elementor-element elementor-element-f4330e4 elementor-widget elementor-widget-image\" data-id=\"f4330e4\" data-element_type=\"widget\" data-widget_type=\"image.default\">\n\t\t\t\t<div class=\"elementor-widget-container\">\n\t\t\t\t\t\t\t\t\t\t\t\t\t\t\t<img decoding=\"async\" width=\"800\" height=\"534\" src=\"https:\/\/easyfairsassets.com\/sites\/238\/2024\/04\/LOWRES-3D2A7452-1024x683.jpg\" class=\"attachment-large size-large wp-image-16393\" alt=\"M+R 2024\" srcset=\"https:\/\/easyfairsassets.com\/sites\/238\/2024\/04\/LOWRES-3D2A7452-1024x683.jpg 1024w, https:\/\/easyfairsassets.com\/sites\/238\/2024\/04\/LOWRES-3D2A7452-300x200.jpg 300w, https:\/\/easyfairsassets.com\/sites\/238\/2024\/04\/LOWRES-3D2A7452-768x512.jpg 768w, https:\/\/easyfairsassets.com\/sites\/238\/2024\/04\/LOWRES-3D2A7452-1536x1024.jpg 1536w, https:\/\/easyfairsassets.com\/sites\/238\/2024\/04\/LOWRES-3D2A7452.jpg 1920w\" sizes=\"(max-width: 800px) 100vw, 800px\" \/>\t\t\t\t\t\t\t\t\t\t\t\t\t\t\t<\/div>\n\t\t\t\t<\/div>\n\t\t\t\t<div class=\"elementor-element elementor-element-d979eab elementor-widget-mobile__width-initial elementor-widget elementor-widget-text-editor\" data-id=\"d979eab\" data-element_type=\"widget\" data-widget_type=\"text-editor.default\">\n\t\t\t\t<div class=\"elementor-widget-container\">\n\t\t\t\t\t\t\t\t\t<ul><li>Capteurs<\/li><li>Instrumentation analytique<\/li><li>Instruments de mesure non analytique<\/li><li>Instruments de test et d\u2019\u00e9talonnage<\/li><li>IHM<\/li><li>Mat\u00e9riel \u00e9lectrique<\/li><li>Communication industrielle<\/li><li>Actionneurs<\/li><\/ul>\t\t\t\t\t\t\t\t<\/div>\n\t\t\t\t<\/div>\n\t\t\t\t\t<\/div>\n\t\t<\/div>\n\t\t\t\t<div class=\"elementor-column elementor-col-25 elementor-top-column elementor-element elementor-element-3d32fa5\" data-id=\"3d32fa5\" data-element_type=\"column\" data-settings=\"{&quot;background_background&quot;:&quot;classic&quot;}\">\n\t\t\t<div class=\"elementor-widget-wrap elementor-element-populated\">\n\t\t\t\t\t\t<div class=\"elementor-element elementor-element-1bd7e52 elementor-widget__width-initial elementor-widget elementor-widget-heading\" data-id=\"1bd7e52\" data-element_type=\"widget\" data-widget_type=\"heading.default\">\n\t\t\t\t<div class=\"elementor-widget-container\">\n\t\t\t\t\t<h2 class=\"elementor-heading-title elementor-size-default\">Maintenance<\/h2>\t\t\t\t<\/div>\n\t\t\t\t<\/div>\n\t\t\t\t<div class=\"elementor-element elementor-element-f85ef5d elementor-widget elementor-widget-image\" data-id=\"f85ef5d\" data-element_type=\"widget\" data-widget_type=\"image.default\">\n\t\t\t\t<div class=\"elementor-widget-container\">\n\t\t\t\t\t\t\t\t\t\t\t\t\t\t\t<img decoding=\"async\" width=\"800\" height=\"534\" src=\"https:\/\/easyfairsassets.com\/sites\/238\/2024\/04\/LOWRES-3D2A7392-1024x683.jpg\" class=\"attachment-large size-large wp-image-16395\" alt=\"Maintenance 2024\" srcset=\"https:\/\/easyfairsassets.com\/sites\/238\/2024\/04\/LOWRES-3D2A7392-1024x683.jpg 1024w, https:\/\/easyfairsassets.com\/sites\/238\/2024\/04\/LOWRES-3D2A7392-300x200.jpg 300w, https:\/\/easyfairsassets.com\/sites\/238\/2024\/04\/LOWRES-3D2A7392-768x512.jpg 768w, https:\/\/easyfairsassets.com\/sites\/238\/2024\/04\/LOWRES-3D2A7392-1536x1024.jpg 1536w, https:\/\/easyfairsassets.com\/sites\/238\/2024\/04\/LOWRES-3D2A7392.jpg 1920w\" sizes=\"(max-width: 800px) 100vw, 800px\" \/>\t\t\t\t\t\t\t\t\t\t\t\t\t\t\t<\/div>\n\t\t\t\t<\/div>\n\t\t\t\t<div class=\"elementor-element elementor-element-dd05309 elementor-widget elementor-widget-text-editor\" data-id=\"dd05309\" data-element_type=\"widget\" data-widget_type=\"text-editor.default\">\n\t\t\t\t<div class=\"elementor-widget-container\">\n\t\t\t\t\t\t\t\t\t<ul><li>Asset management et field services<\/li><li>Ing\u00e9nierie, consulting et services<\/li><li>S\u00e9curit\u00e9 industrielle, bien-\u00eatre au travail &amp; signalisation<\/li><li>Technologies de maintenance industrielle<\/li><\/ul>\t\t\t\t\t\t\t\t<\/div>\n\t\t\t\t<\/div>\n\t\t\t\t\t<\/div>\n\t\t<\/div>\n\t\t\t\t<div class=\"elementor-column elementor-col-25 elementor-top-column elementor-element elementor-element-1ed5626\" data-id=\"1ed5626\" data-element_type=\"column\" data-settings=\"{&quot;background_background&quot;:&quot;classic&quot;}\">\n\t\t\t<div class=\"elementor-widget-wrap elementor-element-populated\">\n\t\t\t\t\t\t<div class=\"elementor-element elementor-element-565fc70 elementor-widget__width-initial elementor-widget elementor-widget-heading\" data-id=\"565fc70\" data-element_type=\"widget\" data-widget_type=\"heading.default\">\n\t\t\t\t<div class=\"elementor-widget-container\">\n\t\t\t\t\t<h2 class=\"elementor-heading-title elementor-size-default\">Solids<\/h2>\t\t\t\t<\/div>\n\t\t\t\t<\/div>\n\t\t\t\t<div class=\"elementor-element elementor-element-5fc2e5c elementor-widget__width-initial elementor-widget elementor-widget-image\" data-id=\"5fc2e5c\" data-element_type=\"widget\" data-widget_type=\"image.default\">\n\t\t\t\t<div class=\"elementor-widget-container\">\n\t\t\t\t\t\t\t\t\t\t\t\t\t\t\t<img loading=\"lazy\" decoding=\"async\" width=\"800\" height=\"727\" src=\"https:\/\/easyfairsassets.com\/sites\/238\/2024\/04\/52514523264_b95d0cf85a_k-2-1024x931.jpg\" class=\"attachment-large size-large wp-image-16898\" alt=\"Solids\" srcset=\"https:\/\/easyfairsassets.com\/sites\/238\/2024\/04\/52514523264_b95d0cf85a_k-2-1024x931.jpg 1024w, https:\/\/easyfairsassets.com\/sites\/238\/2024\/04\/52514523264_b95d0cf85a_k-2-300x273.jpg 300w, https:\/\/easyfairsassets.com\/sites\/238\/2024\/04\/52514523264_b95d0cf85a_k-2-768x698.jpg 768w, https:\/\/easyfairsassets.com\/sites\/238\/2024\/04\/52514523264_b95d0cf85a_k-2.jpg 1365w\" sizes=\"(max-width: 800px) 100vw, 800px\" \/>\t\t\t\t\t\t\t\t\t\t\t\t\t\t\t<\/div>\n\t\t\t\t<\/div>\n\t\t\t\t<div class=\"elementor-element elementor-element-5046030 elementor-widget elementor-widget-text-editor\" data-id=\"5046030\" data-element_type=\"widget\" data-widget_type=\"text-editor.default\">\n\t\t\t\t<div class=\"elementor-widget-container\">\n\t\t\t\t\t\t\t\t\t<ul>\n<li>Traitement des solides<\/li>\n<li>Automatisation des processus<\/li>\n<li>Services industriels<\/li>\n<li>S\u00e9curit\u00e9 et environnement<\/li>\n<li>Distribution &amp; transport<\/li>\n<\/ul>\t\t\t\t\t\t\t\t<\/div>\n\t\t\t\t<\/div>\n\t\t\t\t\t<\/div>\n\t\t<\/div>\n\t\t\t\t\t<\/div>\n\t\t<\/section>\n\t\t\t\t<section class=\"elementor-section elementor-top-section elementor-element elementor-element-a717d8a elementor-section-boxed elementor-section-height-default elementor-section-height-default\" data-id=\"a717d8a\" data-element_type=\"section\">\n\t\t\t\t\t\t<div class=\"elementor-container elementor-column-gap-default\">\n\t\t\t\t\t<div class=\"elementor-column elementor-col-100 elementor-top-column elementor-element elementor-element-7da07a0\" data-id=\"7da07a0\" data-element_type=\"column\">\n\t\t\t<div class=\"elementor-widget-wrap elementor-element-populated\">\n\t\t\t\t\t\t<div class=\"elementor-element elementor-element-64ec837 elementor-align-center elementor-hidden-desktop elementor-hidden-tablet elementor-hidden-mobile elementor-widget elementor-widget-dynamic-button\" data-id=\"64ec837\" data-element_type=\"widget\" data-widget_type=\"dynamic-button.default\">\n\t\t\t\t<div class=\"elementor-widget-container\">\n\t\t\t\t\t        <div class=\"elementor-button-wrapper\">\n            <a href=\"https:\/\/registration.gesevent.com\/survey\/02eo8kmk9uxi0\" class=\"elementor-button-link elementor-button elementor-size-sm\" role=\"button\">\n                        <span class=\"elementor-button-content-wrapper\">\n\t\t\t                <span class=\"elementor-button-icon elementor-align-icon-left\">\n\t\t\t\t<i aria-hidden=\"true\" class=\"fas fa-long-arrow-alt-right\"><\/i>\t\t\t<\/span>\n            \t\t\t<span class=\"elementor-button-text\">Enregistrez-vous<\/span>\n\t\t<\/span>\n                    <\/a>\n        <\/div>\n        \t\t\t\t<\/div>\n\t\t\t\t<\/div>\n\t\t\t\t\t<\/div>\n\t\t<\/div>\n\t\t\t\t\t<\/div>\n\t\t<\/section>\n\t\t<div class=\"elementor-element elementor-element-a8f4b82 e-flex e-con-boxed e-con e-parent\" data-id=\"a8f4b82\" data-element_type=\"container\">\n\t\t\t\t\t<div class=\"e-con-inner\">\n\t\t\t\t<div class=\"elementor-element elementor-element-dff9200 elementor-widget__width-initial elementor-arrows-position-inside elementor-pagination-position-outside elementor-widget elementor-widget-image-carousel\" data-id=\"dff9200\" data-element_type=\"widget\" data-settings=\"{&quot;slides_to_show&quot;:&quot;3&quot;,&quot;image_spacing_custom&quot;:{&quot;unit&quot;:&quot;px&quot;,&quot;size&quot;:32,&quot;sizes&quot;:[]},&quot;navigation&quot;:&quot;both&quot;,&quot;autoplay&quot;:&quot;yes&quot;,&quot;pause_on_hover&quot;:&quot;yes&quot;,&quot;pause_on_interaction&quot;:&quot;yes&quot;,&quot;autoplay_speed&quot;:5000,&quot;infinite&quot;:&quot;yes&quot;,&quot;speed&quot;:500,&quot;image_spacing_custom_tablet&quot;:{&quot;unit&quot;:&quot;px&quot;,&quot;size&quot;:&quot;&quot;,&quot;sizes&quot;:[]},&quot;image_spacing_custom_mobile&quot;:{&quot;unit&quot;:&quot;px&quot;,&quot;size&quot;:&quot;&quot;,&quot;sizes&quot;:[]}}\" data-widget_type=\"image-carousel.default\">\n\t\t\t\t<div class=\"elementor-widget-container\">\n\t\t\t\t\t\t\t<div class=\"elementor-image-carousel-wrapper swiper\" role=\"region\" aria-roledescription=\"carousel\" aria-label=\"Carrousel d\u2019images\" dir=\"ltr\">\n\t\t\t<div class=\"elementor-image-carousel swiper-wrapper\" aria-live=\"off\">\n\t\t\t\t\t\t\t\t<div class=\"swiper-slide\" role=\"group\" aria-roledescription=\"slide\" aria-label=\"1 of 7\"><figure class=\"swiper-slide-inner\"><img decoding=\"async\" class=\"swiper-slide-image\" src=\"https:\/\/easyfairsassets.com\/sites\/238\/2024\/04\/LOWRES-3D2A8086-1024x683.jpg\" alt=\"Pumps &amp; Valves 2024\" \/><\/figure><\/div><div class=\"swiper-slide\" role=\"group\" aria-roledescription=\"slide\" aria-label=\"2 of 7\"><figure class=\"swiper-slide-inner\"><img decoding=\"async\" class=\"swiper-slide-image\" src=\"https:\/\/easyfairsassets.com\/sites\/238\/2024\/04\/LOWRES-3D2A6811-1024x683.jpg\" alt=\"Pumps &amp; Valves 2024\" \/><\/figure><\/div><div class=\"swiper-slide\" role=\"group\" aria-roledescription=\"slide\" aria-label=\"3 of 7\"><figure class=\"swiper-slide-inner\"><img decoding=\"async\" class=\"swiper-slide-image\" src=\"https:\/\/easyfairsassets.com\/sites\/238\/2024\/04\/LOWRES-3D2A7463-1024x683.jpg\" alt=\"M+R 2024\" \/><\/figure><\/div><div class=\"swiper-slide\" role=\"group\" aria-roledescription=\"slide\" aria-label=\"4 of 7\"><figure class=\"swiper-slide-inner\"><img decoding=\"async\" class=\"swiper-slide-image\" src=\"https:\/\/easyfairsassets.com\/sites\/238\/2024\/04\/LOWRES-3D2A7452-1024x683.jpg\" alt=\"M+R 2024\" \/><\/figure><\/div><div class=\"swiper-slide\" role=\"group\" aria-roledescription=\"slide\" aria-label=\"5 of 7\"><figure class=\"swiper-slide-inner\"><img decoding=\"async\" class=\"swiper-slide-image\" src=\"https:\/\/easyfairsassets.com\/sites\/238\/2024\/04\/LOWRES-3D2A8366-1024x683.jpg\" alt=\"Maintenance 2024\" \/><\/figure><\/div><div class=\"swiper-slide\" role=\"group\" aria-roledescription=\"slide\" aria-label=\"6 of 7\"><figure class=\"swiper-slide-inner\"><img decoding=\"async\" class=\"swiper-slide-image\" src=\"https:\/\/easyfairsassets.com\/sites\/238\/2024\/04\/LOWRES-3D2A7392-1024x683.jpg\" alt=\"Maintenance 2024\" \/><\/figure><\/div><div class=\"swiper-slide\" role=\"group\" aria-roledescription=\"slide\" aria-label=\"7 of 7\"><figure class=\"swiper-slide-inner\"><img decoding=\"async\" class=\"swiper-slide-image\" src=\"https:\/\/easyfairsassets.com\/sites\/238\/2024\/04\/LOWRES-3D2A7420-1024x683.jpg\" alt=\"Maintenance 2024\" \/><\/figure><\/div>\t\t\t<\/div>\n\t\t\t\t\t\t\t\t\t\t\t\t<div class=\"elementor-swiper-button elementor-swiper-button-prev\" role=\"button\" tabindex=\"0\">\n\t\t\t\t\t\t<i aria-hidden=\"true\" class=\"eicon-chevron-left\"><\/i>\t\t\t\t\t<\/div>\n\t\t\t\t\t<div class=\"elementor-swiper-button elementor-swiper-button-next\" role=\"button\" tabindex=\"0\">\n\t\t\t\t\t\t<i aria-hidden=\"true\" class=\"eicon-chevron-right\"><\/i>\t\t\t\t\t<\/div>\n\t\t\t\t\n\t\t\t\t\t\t\t\t\t<div class=\"swiper-pagination\"><\/div>\n\t\t\t\t\t\t\t\t\t<\/div>\n\t\t\t\t\t\t<\/div>\n\t\t\t\t<\/div>\n\t\t\t\t\t<\/div>\n\t\t\t\t<\/div>\n\t\t\t\t<\/div>\n\t\t","protected":false},"excerpt":{"rendered":"<p>Qui sont les exposants? Les exposants de Industrie &amp; Maintenance sont actifs dans les secteurs suivants Liste des exposants Pompes et vannes Pompes industrielles Vannes Vannes de contr\u00f4le industrielles Filtres et filtration \u00c9quipement de processus Tuyaux &amp; ol\u00e9oducs Services pour l&rsquo;industrie Instruments de mesure Capteurs Instrumentation analytique Instruments de mesure non analytique Instruments de test [&hellip;]<\/p>\n","protected":false},"author":38,"featured_media":0,"parent":0,"menu_order":0,"comment_status":"closed","ping_status":"closed","template":"","meta":{"_seopress_robots_primary_cat":"","_seopress_titles_title":"Profil des exposants - Industrie &amp; Maintenance 2020","_seopress_titles_desc":"Plus de 65 exposants, tous actif dans le secteur de l&#039;automatisation, la maintenance &amp; le contr\u00f4le de process.","_seopress_robots_index":"","footnotes":""},"class_list":["post-172","page","type-page","status-publish","hentry"],"_links":{"self":[{"href":"https:\/\/www.im-namur.be\/fr\/wp-json\/wp\/v2\/pages\/172","targetHints":{"allow":["GET"]}}],"collection":[{"href":"https:\/\/www.im-namur.be\/fr\/wp-json\/wp\/v2\/pages"}],"about":[{"href":"https:\/\/www.im-namur.be\/fr\/wp-json\/wp\/v2\/types\/page"}],"author":[{"embeddable":true,"href":"https:\/\/www.im-namur.be\/fr\/wp-json\/wp\/v2\/users\/38"}],"replies":[{"embeddable":true,"href":"https:\/\/www.im-namur.be\/fr\/wp-json\/wp\/v2\/comments?post=172"}],"version-history":[{"count":5,"href":"https:\/\/www.im-namur.be\/fr\/wp-json\/wp\/v2\/pages\/172\/revisions"}],"predecessor-version":[{"id":17013,"href":"https:\/\/www.im-namur.be\/fr\/wp-json\/wp\/v2\/pages\/172\/revisions\/17013"}],"wp:attachment":[{"href":"https:\/\/www.im-namur.be\/fr\/wp-json\/wp\/v2\/media?parent=172"}],"curies":[{"name":"wp","href":"https:\/\/api.w.org\/{rel}","templated":true}]}}