{"id":16649,"date":"2024-04-15T10:30:55","date_gmt":"2024-04-15T08:30:55","guid":{"rendered":"https:\/\/www.im-namur.be\/?page_id=16649"},"modified":"2024-05-29T16:26:45","modified_gmt":"2024-05-29T14:26:45","slug":"takeda","status":"publish","type":"page","link":"https:\/\/www.im-namur.be\/fr\/programme\/takeda\/","title":{"rendered":"Takeda"},"content":{"rendered":"\t\t<div data-elementor-type=\"wp-page\" data-elementor-id=\"16649\" class=\"elementor elementor-16649\" data-elementor-post-type=\"page\">\n\t\t\t\t<div class=\"elementor-element elementor-element-4775c70 e-flex e-con-boxed e-con e-parent\" data-id=\"4775c70\" data-element_type=\"container\">\n\t\t\t\t\t<div class=\"e-con-inner\">\n\t\t\t\t<div class=\"elementor-element elementor-element-1b67a5e elementor-widget elementor-widget-heading\" data-id=\"1b67a5e\" data-element_type=\"widget\" data-widget_type=\"heading.default\">\n\t\t\t\t<div class=\"elementor-widget-container\">\n\t\t\t\t\t<h2 class=\"elementor-heading-title elementor-size-default\">Takeda \n<\/h2>\t\t\t\t<\/div>\n\t\t\t\t<\/div>\n\t\t\t\t\t<\/div>\n\t\t\t\t<\/div>\n\t\t<div class=\"elementor-element elementor-element-1f7b878 e-flex e-con-boxed e-con e-parent\" data-id=\"1f7b878\" data-element_type=\"container\" data-settings=\"{&quot;background_background&quot;:&quot;classic&quot;}\">\n\t\t\t\t\t<div class=\"e-con-inner\">\n\t\t\t\t<div class=\"elementor-element elementor-element-a8d9e4b elementor-widget-divider--view-line elementor-widget elementor-widget-divider\" data-id=\"a8d9e4b\" data-element_type=\"widget\" data-widget_type=\"divider.default\">\n\t\t\t\t<div class=\"elementor-widget-container\">\n\t\t\t\t\t\t\t<div class=\"elementor-divider\">\n\t\t\t<span class=\"elementor-divider-separator\">\n\t\t\t\t\t\t<\/span>\n\t\t<\/div>\n\t\t\t\t\t\t<\/div>\n\t\t\t\t<\/div>\n\t\t\t\t\t<\/div>\n\t\t\t\t<\/div>\n\t\t<div class=\"elementor-element elementor-element-16bacc1 e-flex e-con-boxed e-con e-parent\" data-id=\"16bacc1\" data-element_type=\"container\">\n\t\t\t\t\t<div class=\"e-con-inner\">\n\t\t\t\t<div class=\"elementor-element elementor-element-0c5c75e elementor-widget elementor-widget-heading\" data-id=\"0c5c75e\" data-element_type=\"widget\" data-widget_type=\"heading.default\">\n\t\t\t\t<div class=\"elementor-widget-container\">\n\t\t\t\t\t<h2 class=\"elementor-heading-title elementor-size-default\">Application pratique de la maintenance intelligente<\/h2>\t\t\t\t<\/div>\n\t\t\t\t<\/div>\n\t\t\t\t\t<\/div>\n\t\t\t\t<\/div>\n\t\t\t\t<section class=\"elementor-section elementor-top-section elementor-element elementor-element-6eafc99 elementor-section-boxed elementor-section-height-default elementor-section-height-default\" data-id=\"6eafc99\" data-element_type=\"section\">\n\t\t\t\t\t\t<div class=\"elementor-container elementor-column-gap-default\">\n\t\t\t\t\t<div class=\"elementor-column elementor-col-50 elementor-top-column elementor-element elementor-element-706cdf9\" data-id=\"706cdf9\" data-element_type=\"column\">\n\t\t\t<div class=\"elementor-widget-wrap elementor-element-populated\">\n\t\t\t\t\t\t<div class=\"elementor-element elementor-element-ec5c62d elementor-widget elementor-widget-image\" data-id=\"ec5c62d\" data-element_type=\"widget\" data-widget_type=\"image.default\">\n\t\t\t\t<div class=\"elementor-widget-container\">\n\t\t\t\t\t\t\t\t\t\t\t\t\t\t\t<img fetchpriority=\"high\" decoding=\"async\" width=\"800\" height=\"808\" src=\"https:\/\/easyfairsassets.com\/sites\/238\/2024\/05\/photo-2-1014x1024.jpg\" class=\"attachment-large size-large wp-image-17682\" alt=\"Bruno Duart- orateur I &amp; M\" srcset=\"https:\/\/easyfairsassets.com\/sites\/238\/2024\/05\/photo-2-1014x1024.jpg 1014w, https:\/\/easyfairsassets.com\/sites\/238\/2024\/05\/photo-2-297x300.jpg 297w, https:\/\/easyfairsassets.com\/sites\/238\/2024\/05\/photo-2-768x776.jpg 768w, https:\/\/easyfairsassets.com\/sites\/238\/2024\/05\/photo-2-1521x1536.jpg 1521w, https:\/\/easyfairsassets.com\/sites\/238\/2024\/05\/photo-2.jpg 1901w\" sizes=\"(max-width: 800px) 100vw, 800px\" \/>\t\t\t\t\t\t\t\t\t\t\t\t\t\t\t<\/div>\n\t\t\t\t<\/div>\n\t\t\t\t<div class=\"elementor-element elementor-element-4e1f42a elementor-widget elementor-widget-text-editor\" data-id=\"4e1f42a\" data-element_type=\"widget\" data-widget_type=\"text-editor.default\">\n\t\t\t\t<div class=\"elementor-widget-container\">\n\t\t\t\t\t\t\t\t\t<p class=\"x_MsoNormal\"><span lang=\"NL-BE\">Bruno Duart &#8211; <\/span><span lang=\"NL-BE\">Responsable Reliability<\/span><span style=\"font-size: 15px; color: var( --e-global-color-astglobalcolor8 ); font-family: var( --e-global-typography-text-font-family ), Sans-serif;\">\u00a0chez Takeda Lessines.<\/span><\/p>\t\t\t\t\t\t\t\t<\/div>\n\t\t\t\t<\/div>\n\t\t\t\t<div class=\"elementor-element elementor-element-d640734 elementor-widget-divider--view-line elementor-widget elementor-widget-divider\" data-id=\"d640734\" data-element_type=\"widget\" data-widget_type=\"divider.default\">\n\t\t\t\t<div class=\"elementor-widget-container\">\n\t\t\t\t\t\t\t<div class=\"elementor-divider\">\n\t\t\t<span class=\"elementor-divider-separator\">\n\t\t\t\t\t\t<\/span>\n\t\t<\/div>\n\t\t\t\t\t\t<\/div>\n\t\t\t\t<\/div>\n\t\t\t\t<div class=\"elementor-element elementor-element-4d7cdea elementor-widget elementor-widget-image\" data-id=\"4d7cdea\" data-element_type=\"widget\" data-widget_type=\"image.default\">\n\t\t\t\t<div class=\"elementor-widget-container\">\n\t\t\t\t\t\t\t\t\t\t\t\t\t\t\t<img decoding=\"async\" width=\"800\" height=\"473\" src=\"https:\/\/easyfairsassets.com\/sites\/238\/2024\/04\/ChangestotheCorporateLogo_block_004-1024x605.jpg\" class=\"attachment-large size-large wp-image-16844\" alt=\"Takeda logo\" srcset=\"https:\/\/easyfairsassets.com\/sites\/238\/2024\/04\/ChangestotheCorporateLogo_block_004-1024x605.jpg 1024w, https:\/\/easyfairsassets.com\/sites\/238\/2024\/04\/ChangestotheCorporateLogo_block_004-300x177.jpg 300w, https:\/\/easyfairsassets.com\/sites\/238\/2024\/04\/ChangestotheCorporateLogo_block_004-768x454.jpg 768w, https:\/\/easyfairsassets.com\/sites\/238\/2024\/04\/ChangestotheCorporateLogo_block_004-1536x908.jpg 1536w, https:\/\/easyfairsassets.com\/sites\/238\/2024\/04\/ChangestotheCorporateLogo_block_004.jpg 1600w\" sizes=\"(max-width: 800px) 100vw, 800px\" \/>\t\t\t\t\t\t\t\t\t\t\t\t\t\t\t<\/div>\n\t\t\t\t<\/div>\n\t\t\t\t\t<\/div>\n\t\t<\/div>\n\t\t\t\t<div class=\"elementor-column elementor-col-50 elementor-top-column elementor-element elementor-element-f3ee719\" data-id=\"f3ee719\" data-element_type=\"column\">\n\t\t\t<div class=\"elementor-widget-wrap elementor-element-populated\">\n\t\t\t\t\t\t<div class=\"elementor-element elementor-element-a8d4f42 elementor-widget elementor-widget-text-editor\" data-id=\"a8d4f42\" data-element_type=\"widget\" data-widget_type=\"text-editor.default\">\n\t\t\t\t<div class=\"elementor-widget-container\">\n\t\t\t\t\t\t\t\t\t<p><span lang=\"fr-BE\">Dans cette pr\u00e9sentation, M. Seggio d\u00e9veloppera la feuille de route de la Smart Maintenance sur le site de production pharmaceutique de Takeda \u00e0 Lessines. Un v\u00e9ritable travail d&rsquo;\u00e9quipe permet de relever le d\u00e9fi de la gestion d&rsquo;un nombre croissant d&rsquo;installations, qui a \u00e9t\u00e9 multipli\u00e9 par cinq entre 2016 et 2022. Dans le m\u00eame temps, les performances op\u00e9rationnelles ont \u00e9t\u00e9 am\u00e9lior\u00e9es : une r\u00e9duction drastique des interventions d&rsquo;urgence et 99 % des op\u00e9rations r\u00e9alis\u00e9es dans les d\u00e9lais ! Les performances exceptionnelles sont le r\u00e9sultat d&rsquo;une approche collective bas\u00e9e sur l&rsquo;\u00e9tablissement de priorit\u00e9s et une vision moderne de la gestion des actifs vieillissants, soutenue par des techniques de mesure et d&rsquo;analyse pour \u00e9valuer l&rsquo;\u00e9tat de sant\u00e9 des actifs. Dans cette pr\u00e9sentation, M. Seggio expliquera \u00e9galement les prochaines \u00e9tapes de la num\u00e9risation que Takeda entreprend actuellement&#8230;<\/span><\/p>\n<h2><span lang=\"fr-BE\"><strong>&nbsp;<\/strong><\/span><span style=\"text-decoration: underline;\"><span lang=\"fr-BE\"><strong>11.30 \u2013 12.15<\/strong><\/span><\/span><\/h2>\n<h4><span style=\"text-decoration: underline;\"><strong><span lang=\"fr-BE\">Application pratique de la maintenance intelligente chez Takeda<\/span><\/strong><\/span><\/h4>\n<p><span lang=\"fr-BE\">&#8211; Construction d&rsquo;une base solide de donn\u00e9es historiques sur les performances des actifs<br><\/span><span lang=\"fr-BE\">&#8211; Exemples concrets de maintenance pr\u00e9dictive et de maintenance conditionnelle<br><\/span><span lang=\"fr-BE\">&#8211; Mise en place de la r\u00e9silience gr\u00e2ce \u00e0 un programme de gestion des investissements dans les actifs (AIMP)<br><\/span><span lang=\"fr-BE\">&#8211; Application de nouvelles technologies (RA, drones, &#8230;)<br><\/span><span lang=\"fr-BE\">&#8211; Les prochaines \u00e9tapes de la feuille de route de la num\u00e9risation<\/span><\/p>\t\t\t\t\t\t\t\t<\/div>\n\t\t\t\t<\/div>\n\t\t\t\t<div class=\"elementor-element elementor-element-f701467 elementor-widget-divider--view-line elementor-widget elementor-widget-divider\" data-id=\"f701467\" data-element_type=\"widget\" data-widget_type=\"divider.default\">\n\t\t\t\t<div class=\"elementor-widget-container\">\n\t\t\t\t\t\t\t<div class=\"elementor-divider\">\n\t\t\t<span class=\"elementor-divider-separator\">\n\t\t\t\t\t\t<\/span>\n\t\t<\/div>\n\t\t\t\t\t\t<\/div>\n\t\t\t\t<\/div>\n\t\t\t\t\t<\/div>\n\t\t<\/div>\n\t\t\t\t\t<\/div>\n\t\t<\/section>\n\t\t<div class=\"elementor-element elementor-element-d69dc60 e-flex e-con-boxed e-con e-parent\" data-id=\"d69dc60\" data-element_type=\"container\" data-settings=\"{&quot;background_background&quot;:&quot;classic&quot;}\">\n\t\t\t\t\t<div class=\"e-con-inner\">\n\t\t\t\t<div class=\"elementor-element elementor-element-20cab57 elementor-widget elementor-widget-heading\" data-id=\"20cab57\" data-element_type=\"widget\" data-widget_type=\"heading.default\">\n\t\t\t\t<div class=\"elementor-widget-container\">\n\t\t\t\t\t<h2 class=\"elementor-heading-title elementor-size-default\">Avez vous des questions?<br><br><\/h2>\t\t\t\t<\/div>\n\t\t\t\t<\/div>\n\t\t\t\t<div class=\"elementor-element elementor-element-ea479a3 elementor-align-center elementor-widget elementor-widget-button\" data-id=\"ea479a3\" data-element_type=\"widget\" data-widget_type=\"button.default\">\n\t\t\t\t<div class=\"elementor-widget-container\">\n\t\t\t\t\t\t\t\t\t<div class=\"elementor-button-wrapper\">\n\t\t\t\t\t<a class=\"elementor-button elementor-button-link elementor-size-sm\" href=\"https:\/\/www.im-namur.be\/fr\/contactez-nous\/\">\n\t\t\t\t\t\t<span class=\"elementor-button-content-wrapper\">\n\t\t\t\t\t\t\t\t\t<span class=\"elementor-button-text\">Contactez-nous<\/span>\n\t\t\t\t\t<\/span>\n\t\t\t\t\t<\/a>\n\t\t\t\t<\/div>\n\t\t\t\t\t\t\t\t<\/div>\n\t\t\t\t<\/div>\n\t\t\t\t\t<\/div>\n\t\t\t\t<\/div>\n\t\t\t\t<\/div>\n\t\t","protected":false},"excerpt":{"rendered":"<p>Takeda Application pratique de la maintenance intelligente Bruno Duart &#8211; Responsable Reliability\u00a0chez Takeda Lessines. Dans cette pr\u00e9sentation, M. Seggio d\u00e9veloppera la feuille de route de la Smart Maintenance sur le site de production pharmaceutique de Takeda \u00e0 Lessines. Un v\u00e9ritable travail d&rsquo;\u00e9quipe permet de relever le d\u00e9fi de la gestion d&rsquo;un nombre croissant d&rsquo;installations, qui [&hellip;]<\/p>\n","protected":false},"author":1351,"featured_media":0,"parent":66,"menu_order":0,"comment_status":"closed","ping_status":"closed","template":"","meta":{"_seopress_robots_primary_cat":"","_seopress_titles_title":"","_seopress_titles_desc":"","_seopress_robots_index":"","footnotes":""},"class_list":["post-16649","page","type-page","status-publish","hentry"],"_links":{"self":[{"href":"https:\/\/www.im-namur.be\/fr\/wp-json\/wp\/v2\/pages\/16649","targetHints":{"allow":["GET"]}}],"collection":[{"href":"https:\/\/www.im-namur.be\/fr\/wp-json\/wp\/v2\/pages"}],"about":[{"href":"https:\/\/www.im-namur.be\/fr\/wp-json\/wp\/v2\/types\/page"}],"author":[{"embeddable":true,"href":"https:\/\/www.im-namur.be\/fr\/wp-json\/wp\/v2\/users\/1351"}],"replies":[{"embeddable":true,"href":"https:\/\/www.im-namur.be\/fr\/wp-json\/wp\/v2\/comments?post=16649"}],"version-history":[{"count":5,"href":"https:\/\/www.im-namur.be\/fr\/wp-json\/wp\/v2\/pages\/16649\/revisions"}],"predecessor-version":[{"id":19317,"href":"https:\/\/www.im-namur.be\/fr\/wp-json\/wp\/v2\/pages\/16649\/revisions\/19317"}],"up":[{"embeddable":true,"href":"https:\/\/www.im-namur.be\/fr\/wp-json\/wp\/v2\/pages\/66"}],"wp:attachment":[{"href":"https:\/\/www.im-namur.be\/fr\/wp-json\/wp\/v2\/media?parent=16649"}],"curies":[{"name":"wp","href":"https:\/\/api.w.org\/{rel}","templated":true}]}}