{"id":16635,"date":"2024-04-15T10:15:05","date_gmt":"2024-04-15T08:15:05","guid":{"rendered":"https:\/\/www.im-namur.be\/?page_id=16635"},"modified":"2024-05-29T16:26:23","modified_gmt":"2024-05-29T14:26:23","slug":"a-pf-solutions","status":"publish","type":"page","link":"https:\/\/www.im-namur.be\/fr\/programme\/a-pf-solutions\/","title":{"rendered":"A-PF Solutions"},"content":{"rendered":"\t\t<div data-elementor-type=\"wp-page\" data-elementor-id=\"16635\" class=\"elementor elementor-16635\" data-elementor-post-type=\"page\">\n\t\t\t\t<div class=\"elementor-element elementor-element-31e612b e-flex e-con-boxed e-con e-parent\" data-id=\"31e612b\" data-element_type=\"container\">\n\t\t\t\t\t<div class=\"e-con-inner\">\n\t\t\t\t<div class=\"elementor-element elementor-element-1ada903 elementor-widget elementor-widget-heading\" data-id=\"1ada903\" data-element_type=\"widget\" data-widget_type=\"heading.default\">\n\t\t\t\t<div class=\"elementor-widget-container\">\n\t\t\t\t\t<h2 class=\"elementor-heading-title elementor-size-default\">A-PF Solutions<\/h2>\t\t\t\t<\/div>\n\t\t\t\t<\/div>\n\t\t\t\t\t<\/div>\n\t\t\t\t<\/div>\n\t\t<div class=\"elementor-element elementor-element-020468f e-flex e-con-boxed e-con e-child\" data-id=\"020468f\" data-element_type=\"container\" data-settings=\"{&quot;background_background&quot;:&quot;classic&quot;}\">\n\t\t\t\t\t<div class=\"e-con-inner\">\n\t\t\t\t<div class=\"elementor-element elementor-element-7bd9d81 elementor-widget-divider--view-line elementor-widget elementor-widget-divider\" data-id=\"7bd9d81\" data-element_type=\"widget\" data-widget_type=\"divider.default\">\n\t\t\t\t<div class=\"elementor-widget-container\">\n\t\t\t\t\t\t\t<div class=\"elementor-divider\">\n\t\t\t<span class=\"elementor-divider-separator\">\n\t\t\t\t\t\t<\/span>\n\t\t<\/div>\n\t\t\t\t\t\t<\/div>\n\t\t\t\t<\/div>\n\t\t\t\t\t<\/div>\n\t\t\t\t<\/div>\n\t\t<div class=\"elementor-element elementor-element-ad2da1d e-flex e-con-boxed e-con e-parent\" data-id=\"ad2da1d\" data-element_type=\"container\">\n\t\t\t\t\t<div class=\"e-con-inner\">\n\t\t\t\t<div class=\"elementor-element elementor-element-f8f19e8 elementor-widget elementor-widget-heading\" data-id=\"f8f19e8\" data-element_type=\"widget\" data-widget_type=\"heading.default\">\n\t\t\t\t<div class=\"elementor-widget-container\">\n\t\t\t\t\t<h2 class=\"elementor-heading-title elementor-size-default\">Pompes - Les connaissances fondamentales pour la technologie de pompage<\/h2>\t\t\t\t<\/div>\n\t\t\t\t<\/div>\n\t\t\t\t\t<\/div>\n\t\t\t\t<\/div>\n\t\t\t\t<section class=\"elementor-section elementor-top-section elementor-element elementor-element-20f012d elementor-section-boxed elementor-section-height-default elementor-section-height-default\" data-id=\"20f012d\" data-element_type=\"section\">\n\t\t\t\t\t\t<div class=\"elementor-container elementor-column-gap-default\">\n\t\t\t\t\t<div class=\"elementor-column elementor-col-50 elementor-top-column elementor-element elementor-element-bf41b0e\" data-id=\"bf41b0e\" data-element_type=\"column\">\n\t\t\t<div class=\"elementor-widget-wrap elementor-element-populated\">\n\t\t\t\t\t\t<div class=\"elementor-element elementor-element-430175b elementor-widget elementor-widget-image\" data-id=\"430175b\" data-element_type=\"widget\" data-widget_type=\"image.default\">\n\t\t\t\t<div class=\"elementor-widget-container\">\n\t\t\t\t\t\t\t\t\t\t\t\t\t\t\t<img fetchpriority=\"high\" decoding=\"async\" width=\"800\" height=\"788\" src=\"https:\/\/easyfairsassets.com\/sites\/238\/2024\/04\/Philippe-profil-1-1024x1009.jpg\" class=\"attachment-large size-large wp-image-16643\" alt=\"Philippe Fournil - A-PF Solutions\" srcset=\"https:\/\/easyfairsassets.com\/sites\/238\/2024\/04\/Philippe-profil-1-1024x1009.jpg 1024w, https:\/\/easyfairsassets.com\/sites\/238\/2024\/04\/Philippe-profil-1-300x295.jpg 300w, https:\/\/easyfairsassets.com\/sites\/238\/2024\/04\/Philippe-profil-1-768x756.jpg 768w, https:\/\/easyfairsassets.com\/sites\/238\/2024\/04\/Philippe-profil-1-1536x1513.jpg 1536w, https:\/\/easyfairsassets.com\/sites\/238\/2024\/04\/Philippe-profil-1.jpg 1920w\" sizes=\"(max-width: 800px) 100vw, 800px\" \/>\t\t\t\t\t\t\t\t\t\t\t\t\t\t\t<\/div>\n\t\t\t\t<\/div>\n\t\t\t\t<div class=\"elementor-element elementor-element-28bd4ba elementor-widget elementor-widget-text-editor\" data-id=\"28bd4ba\" data-element_type=\"widget\" data-widget_type=\"text-editor.default\">\n\t\t\t\t<div class=\"elementor-widget-container\">\n\t\t\t\t\t\t\t\t\t<p>Philippe Fournil<\/p>\t\t\t\t\t\t\t\t<\/div>\n\t\t\t\t<\/div>\n\t\t\t\t<div class=\"elementor-element elementor-element-d7e13ff elementor-widget-divider--view-line elementor-widget elementor-widget-divider\" data-id=\"d7e13ff\" data-element_type=\"widget\" data-widget_type=\"divider.default\">\n\t\t\t\t<div class=\"elementor-widget-container\">\n\t\t\t\t\t\t\t<div class=\"elementor-divider\">\n\t\t\t<span class=\"elementor-divider-separator\">\n\t\t\t\t\t\t<\/span>\n\t\t<\/div>\n\t\t\t\t\t\t<\/div>\n\t\t\t\t<\/div>\n\t\t\t\t<div class=\"elementor-element elementor-element-803ad50 elementor-widget elementor-widget-image\" data-id=\"803ad50\" data-element_type=\"widget\" data-widget_type=\"image.default\">\n\t\t\t\t<div class=\"elementor-widget-container\">\n\t\t\t\t\t\t\t\t\t\t\t\t\t\t\t<img decoding=\"async\" width=\"200\" height=\"200\" src=\"https:\/\/easyfairsassets.com\/sites\/238\/2024\/04\/a_pf_solutions_s_r_l_logo.jpeg\" class=\"attachment-large size-large wp-image-16836\" alt=\"A-PF SOLUTIONS LOGO\" srcset=\"https:\/\/easyfairsassets.com\/sites\/238\/2024\/04\/a_pf_solutions_s_r_l_logo.jpeg 200w, https:\/\/easyfairsassets.com\/sites\/238\/2024\/04\/a_pf_solutions_s_r_l_logo-150x150.jpeg 150w\" sizes=\"(max-width: 200px) 100vw, 200px\" \/>\t\t\t\t\t\t\t\t\t\t\t\t\t\t\t<\/div>\n\t\t\t\t<\/div>\n\t\t\t\t\t<\/div>\n\t\t<\/div>\n\t\t\t\t<div class=\"elementor-column elementor-col-50 elementor-top-column elementor-element elementor-element-fcafbb2\" data-id=\"fcafbb2\" data-element_type=\"column\">\n\t\t\t<div class=\"elementor-widget-wrap elementor-element-populated\">\n\t\t\t\t\t\t<div class=\"elementor-element elementor-element-1f93419 elementor-widget elementor-widget-text-editor\" data-id=\"1f93419\" data-element_type=\"widget\" data-widget_type=\"text-editor.default\">\n\t\t\t\t<div class=\"elementor-widget-container\">\n\t\t\t\t\t\t\t\t\t<p><span lang=\"fr-BE\">Cette pr\u00e9sentation porte sur les bases essentielles de la technologie de pompage. <\/span><span lang=\"fr-BE\">Nous examinerons comment les donn\u00e9es influencent le choix des pompes, ainsi que l&rsquo;importance du NPSH et les risques de cavitation. En comprenant ces concepts cl\u00e9s, vous serez mieux \u00e9quip\u00e9s pour s\u00e9lectionner et utiliser efficacement les pompes dans diverses applications.<\/span><\/p><p><strong style=\"font-size: 25px; font-family: var( --e-global-typography-text-font-family ), Sans-serif;\">10.30 \u2013 11.15<\/strong><\/p>\n<p><\/p>\t\t\t\t\t\t\t\t<\/div>\n\t\t\t\t<\/div>\n\t\t\t\t\t<\/div>\n\t\t<\/div>\n\t\t\t\t\t<\/div>\n\t\t<\/section>\n\t\t<div class=\"elementor-element elementor-element-b2a02b5 e-flex e-con-boxed e-con e-parent\" data-id=\"b2a02b5\" data-element_type=\"container\" data-settings=\"{&quot;background_background&quot;:&quot;classic&quot;}\">\n\t\t\t\t\t<div class=\"e-con-inner\">\n\t\t\t\t<div class=\"elementor-element elementor-element-440d3bc elementor-widget elementor-widget-heading\" data-id=\"440d3bc\" data-element_type=\"widget\" data-widget_type=\"heading.default\">\n\t\t\t\t<div class=\"elementor-widget-container\">\n\t\t\t\t\t<h2 class=\"elementor-heading-title elementor-size-default\">Avez vous des questions?<br><br><\/h2>\t\t\t\t<\/div>\n\t\t\t\t<\/div>\n\t\t\t\t<div class=\"elementor-element elementor-element-92179ec elementor-align-center elementor-widget elementor-widget-button\" data-id=\"92179ec\" data-element_type=\"widget\" data-widget_type=\"button.default\">\n\t\t\t\t<div class=\"elementor-widget-container\">\n\t\t\t\t\t\t\t\t\t<div class=\"elementor-button-wrapper\">\n\t\t\t\t\t<a class=\"elementor-button elementor-button-link elementor-size-sm\" href=\"https:\/\/www.im-namur.be\/fr\/contactez-nous\/\">\n\t\t\t\t\t\t<span class=\"elementor-button-content-wrapper\">\n\t\t\t\t\t\t\t\t\t<span class=\"elementor-button-text\">Contactez-nous<\/span>\n\t\t\t\t\t<\/span>\n\t\t\t\t\t<\/a>\n\t\t\t\t<\/div>\n\t\t\t\t\t\t\t\t<\/div>\n\t\t\t\t<\/div>\n\t\t\t\t\t<\/div>\n\t\t\t\t<\/div>\n\t\t\t\t<\/div>\n\t\t","protected":false},"excerpt":{"rendered":"<p>A-PF Solutions Pompes &#8211; Les connaissances fondamentales pour la technologie de pompage Philippe Fournil Cette pr\u00e9sentation porte sur les bases essentielles de la technologie de pompage. Nous examinerons comment les donn\u00e9es influencent le choix des pompes, ainsi que l&rsquo;importance du NPSH et les risques de cavitation. En comprenant ces concepts cl\u00e9s, vous serez mieux \u00e9quip\u00e9s [&hellip;]<\/p>\n","protected":false},"author":1351,"featured_media":0,"parent":66,"menu_order":0,"comment_status":"closed","ping_status":"closed","template":"","meta":{"_seopress_robots_primary_cat":"","_seopress_titles_title":"","_seopress_titles_desc":"","_seopress_robots_index":"","footnotes":""},"class_list":["post-16635","page","type-page","status-publish","hentry"],"_links":{"self":[{"href":"https:\/\/www.im-namur.be\/fr\/wp-json\/wp\/v2\/pages\/16635","targetHints":{"allow":["GET"]}}],"collection":[{"href":"https:\/\/www.im-namur.be\/fr\/wp-json\/wp\/v2\/pages"}],"about":[{"href":"https:\/\/www.im-namur.be\/fr\/wp-json\/wp\/v2\/types\/page"}],"author":[{"embeddable":true,"href":"https:\/\/www.im-namur.be\/fr\/wp-json\/wp\/v2\/users\/1351"}],"replies":[{"embeddable":true,"href":"https:\/\/www.im-namur.be\/fr\/wp-json\/wp\/v2\/comments?post=16635"}],"version-history":[{"count":5,"href":"https:\/\/www.im-namur.be\/fr\/wp-json\/wp\/v2\/pages\/16635\/revisions"}],"predecessor-version":[{"id":19314,"href":"https:\/\/www.im-namur.be\/fr\/wp-json\/wp\/v2\/pages\/16635\/revisions\/19314"}],"up":[{"embeddable":true,"href":"https:\/\/www.im-namur.be\/fr\/wp-json\/wp\/v2\/pages\/66"}],"wp:attachment":[{"href":"https:\/\/www.im-namur.be\/fr\/wp-json\/wp\/v2\/media?parent=16635"}],"curies":[{"name":"wp","href":"https:\/\/api.w.org\/{rel}","templated":true}]}}