{"id":16618,"date":"2024-04-15T09:42:00","date_gmt":"2024-04-15T07:42:00","guid":{"rendered":"https:\/\/www.im-namur.be\/?page_id=16618"},"modified":"2024-05-29T16:26:12","modified_gmt":"2024-05-29T14:26:12","slug":"atex","status":"publish","type":"page","link":"https:\/\/www.im-namur.be\/fr\/programme\/atex\/","title":{"rendered":"ATEX"},"content":{"rendered":"\t\t<div data-elementor-type=\"wp-page\" data-elementor-id=\"16618\" class=\"elementor elementor-16618\" data-elementor-post-type=\"page\">\n\t\t\t\t<div class=\"elementor-element elementor-element-2cfc688 e-flex e-con-boxed e-con e-parent\" data-id=\"2cfc688\" data-element_type=\"container\">\n\t\t\t\t\t<div class=\"e-con-inner\">\n\t\t<div class=\"elementor-element elementor-element-f6da115 e-flex e-con-boxed e-con e-child\" data-id=\"f6da115\" data-element_type=\"container\">\n\t\t\t\t\t<div class=\"e-con-inner\">\n\t\t\t\t<div class=\"elementor-element elementor-element-50784b7 elementor-widget elementor-widget-heading\" data-id=\"50784b7\" data-element_type=\"widget\" data-widget_type=\"heading.default\">\n\t\t\t\t<div class=\"elementor-widget-container\">\n\t\t\t\t\t<h2 class=\"elementor-heading-title elementor-size-default\">ATEX <\/h2>\t\t\t\t<\/div>\n\t\t\t\t<\/div>\n\t\t\t\t\t<\/div>\n\t\t\t\t<\/div>\n\t\t\t\t\t<\/div>\n\t\t\t\t<\/div>\n\t\t<div class=\"elementor-element elementor-element-540b0a0 e-flex e-con-boxed e-con e-parent\" data-id=\"540b0a0\" data-element_type=\"container\" data-settings=\"{&quot;background_background&quot;:&quot;classic&quot;}\">\n\t\t\t\t\t<div class=\"e-con-inner\">\n\t\t\t\t<div class=\"elementor-element elementor-element-a3818d2 elementor-widget-divider--view-line elementor-widget elementor-widget-divider\" data-id=\"a3818d2\" data-element_type=\"widget\" data-widget_type=\"divider.default\">\n\t\t\t\t<div class=\"elementor-widget-container\">\n\t\t\t\t\t\t\t<div class=\"elementor-divider\">\n\t\t\t<span class=\"elementor-divider-separator\">\n\t\t\t\t\t\t<\/span>\n\t\t<\/div>\n\t\t\t\t\t\t<\/div>\n\t\t\t\t<\/div>\n\t\t\t\t\t<\/div>\n\t\t\t\t<\/div>\n\t\t<div class=\"elementor-element elementor-element-5284775 e-flex e-con-boxed e-con e-parent\" data-id=\"5284775\" data-element_type=\"container\">\n\t\t\t\t\t<div class=\"e-con-inner\">\n\t\t\t\t<div class=\"elementor-element elementor-element-fa71b53 elementor-widget elementor-widget-heading\" data-id=\"fa71b53\" data-element_type=\"widget\" data-widget_type=\"heading.default\">\n\t\t\t\t<div class=\"elementor-widget-container\">\n\t\t\t\t\t<h2 class=\"elementor-heading-title elementor-size-default\">ATEX formation &amp; Awareness \u00e0 Namur I&amp;M 2024\nDur\u00e9e une heure&nbsp;!<\/h2>\t\t\t\t<\/div>\n\t\t\t\t<\/div>\n\t\t\t\t\t<\/div>\n\t\t\t\t<\/div>\n\t\t\t\t<section class=\"elementor-section elementor-top-section elementor-element elementor-element-8481f25 elementor-section-boxed elementor-section-height-default elementor-section-height-default\" data-id=\"8481f25\" data-element_type=\"section\">\n\t\t\t\t\t\t<div class=\"elementor-container elementor-column-gap-default\">\n\t\t\t\t\t<div class=\"elementor-column elementor-col-50 elementor-top-column elementor-element elementor-element-370e4ed\" data-id=\"370e4ed\" data-element_type=\"column\">\n\t\t\t<div class=\"elementor-widget-wrap elementor-element-populated\">\n\t\t\t\t\t\t<div class=\"elementor-element elementor-element-a54f902 elementor-widget elementor-widget-image\" data-id=\"a54f902\" data-element_type=\"widget\" data-widget_type=\"image.default\">\n\t\t\t\t<div class=\"elementor-widget-container\">\n\t\t\t\t\t\t\t\t\t\t\t\t\t\t\t<img fetchpriority=\"high\" decoding=\"async\" width=\"800\" height=\"534\" src=\"https:\/\/easyfairsassets.com\/sites\/238\/2024\/04\/IMG_7985-1024x683.jpg\" class=\"attachment-large size-large wp-image-16623\" alt=\"ATEX - Arno Willemsen\" srcset=\"https:\/\/easyfairsassets.com\/sites\/238\/2024\/04\/IMG_7985-1024x683.jpg 1024w, https:\/\/easyfairsassets.com\/sites\/238\/2024\/04\/IMG_7985-300x200.jpg 300w, https:\/\/easyfairsassets.com\/sites\/238\/2024\/04\/IMG_7985-768x512.jpg 768w, https:\/\/easyfairsassets.com\/sites\/238\/2024\/04\/IMG_7985-1536x1024.jpg 1536w, https:\/\/easyfairsassets.com\/sites\/238\/2024\/04\/IMG_7985.jpg 1920w\" sizes=\"(max-width: 800px) 100vw, 800px\" \/>\t\t\t\t\t\t\t\t\t\t\t\t\t\t\t<\/div>\n\t\t\t\t<\/div>\n\t\t\t\t<div class=\"elementor-element elementor-element-cbe564b elementor-widget elementor-widget-text-editor\" data-id=\"cbe564b\" data-element_type=\"widget\" data-widget_type=\"text-editor.default\">\n\t\t\t\t<div class=\"elementor-widget-container\">\n\t\t\t\t\t\t\t\t\t<p>Arno Willemsen<\/p>\t\t\t\t\t\t\t\t<\/div>\n\t\t\t\t<\/div>\n\t\t\t\t<div class=\"elementor-element elementor-element-5891e96 elementor-widget-divider--view-line elementor-widget elementor-widget-divider\" data-id=\"5891e96\" data-element_type=\"widget\" data-widget_type=\"divider.default\">\n\t\t\t\t<div class=\"elementor-widget-container\">\n\t\t\t\t\t\t\t<div class=\"elementor-divider\">\n\t\t\t<span class=\"elementor-divider-separator\">\n\t\t\t\t\t\t<\/span>\n\t\t<\/div>\n\t\t\t\t\t\t<\/div>\n\t\t\t\t<\/div>\n\t\t\t\t<div class=\"elementor-element elementor-element-a478ed7 elementor-widget elementor-widget-image\" data-id=\"a478ed7\" data-element_type=\"widget\" data-widget_type=\"image.default\">\n\t\t\t\t<div class=\"elementor-widget-container\">\n\t\t\t\t\t\t\t\t\t\t\t\t\t\t\t<img decoding=\"async\" width=\"800\" height=\"700\" src=\"https:\/\/easyfairsassets.com\/sites\/238\/2024\/04\/1200px-EX-logo.svg-1024x896.png\" class=\"attachment-large size-large wp-image-16831\" alt=\"ATEX Logo\" srcset=\"https:\/\/easyfairsassets.com\/sites\/238\/2024\/04\/1200px-EX-logo.svg-1024x896.png 1024w, https:\/\/easyfairsassets.com\/sites\/238\/2024\/04\/1200px-EX-logo.svg-300x263.png 300w, https:\/\/easyfairsassets.com\/sites\/238\/2024\/04\/1200px-EX-logo.svg-768x672.png 768w, https:\/\/easyfairsassets.com\/sites\/238\/2024\/04\/1200px-EX-logo.svg.png 1200w\" sizes=\"(max-width: 800px) 100vw, 800px\" \/>\t\t\t\t\t\t\t\t\t\t\t\t\t\t\t<\/div>\n\t\t\t\t<\/div>\n\t\t\t\t\t<\/div>\n\t\t<\/div>\n\t\t\t\t<div class=\"elementor-column elementor-col-50 elementor-top-column elementor-element elementor-element-e422971\" data-id=\"e422971\" data-element_type=\"column\">\n\t\t\t<div class=\"elementor-widget-wrap elementor-element-populated\">\n\t\t\t\t\t\t<div class=\"elementor-element elementor-element-24c50e1 elementor-widget elementor-widget-text-editor\" data-id=\"24c50e1\" data-element_type=\"widget\" data-widget_type=\"text-editor.default\">\n\t\t\t\t<div class=\"elementor-widget-container\">\n\t\t\t\t\t\t\t\t\t<p><span lang=\"fr\">Chaque fois que des gaz, brouillard et vapeurs inflammables ou des poussi\u00e8res combustibles entrent en contact avec l\u2019oxyg\u00e8ne, toute source d\u2019inflammation peut provoquer une explosion.<br>Les sources susceptibles qui peuvent g\u00e9n\u00e9rer une explosion sont des \u00e9tincelles, des flammes, \u00e9nergie statique,\u2026<\/span><\/p><p><strong style=\"font-size: 25px; font-family: var( --e-global-typography-text-font-family ), Sans-serif;\"><span style=\"text-decoration-line: underline;\">09.00 \u2013 10.15<\/span><\/strong><\/p>\n<h4><span style=\"text-decoration: underline;\"><strong>Sources d&rsquo;allumage et zonage, groupes de gaz et de poussi\u00e8res et classe de temp\u00e9rature<\/strong><\/span><\/h4>\n<p><span style=\"text-decoration: underline;\"><strong>Partie 1 : +\/- &nbsp;30 min &nbsp;th\u00e9orie<\/strong><\/span><br>Sources d&rsquo;allumage et zonage, groupes de gaz et de poussi\u00e8res et classe de temp\u00e9rature<br>M\u00e9thodes de protection<br>Protection m\u00e9canique Atex aussi&nbsp;! (pas seulement Electrique)<\/p>\n<p><strong><span style=\"text-decoration: underline;\">Partie 2 : +\/- 30 min <\/span><\/strong><span lang=\"fr\"><strong>praqtique<\/strong><br>M\u00e9thodes de protection<br>Exd &#8211; Exe -Exi en detail<\/span><\/p>\n<p><span style=\"text-decoration: underline;\"><strong>Partie 3&nbsp;: Questions<\/strong><\/span><\/p>\t\t\t\t\t\t\t\t<\/div>\n\t\t\t\t<\/div>\n\t\t\t\t\t<\/div>\n\t\t<\/div>\n\t\t\t\t\t<\/div>\n\t\t<\/section>\n\t\t<div class=\"elementor-element elementor-element-1f383cd e-flex e-con-boxed e-con e-parent\" data-id=\"1f383cd\" data-element_type=\"container\" data-settings=\"{&quot;background_background&quot;:&quot;classic&quot;}\">\n\t\t\t\t\t<div class=\"e-con-inner\">\n\t\t\t\t<div class=\"elementor-element elementor-element-fa1bd63 elementor-widget elementor-widget-heading\" data-id=\"fa1bd63\" data-element_type=\"widget\" data-widget_type=\"heading.default\">\n\t\t\t\t<div class=\"elementor-widget-container\">\n\t\t\t\t\t<h2 class=\"elementor-heading-title elementor-size-default\">Avez vous des questions?<br><br><\/h2>\t\t\t\t<\/div>\n\t\t\t\t<\/div>\n\t\t\t\t<div class=\"elementor-element elementor-element-b26c8ca elementor-align-center elementor-widget elementor-widget-button\" data-id=\"b26c8ca\" data-element_type=\"widget\" data-widget_type=\"button.default\">\n\t\t\t\t<div class=\"elementor-widget-container\">\n\t\t\t\t\t\t\t\t\t<div class=\"elementor-button-wrapper\">\n\t\t\t\t\t<a class=\"elementor-button elementor-button-link elementor-size-sm\" href=\"https:\/\/www.im-namur.be\/fr\/contactez-nous\/\">\n\t\t\t\t\t\t<span class=\"elementor-button-content-wrapper\">\n\t\t\t\t\t\t\t\t\t<span class=\"elementor-button-text\">Contactez-nous<\/span>\n\t\t\t\t\t<\/span>\n\t\t\t\t\t<\/a>\n\t\t\t\t<\/div>\n\t\t\t\t\t\t\t\t<\/div>\n\t\t\t\t<\/div>\n\t\t\t\t\t<\/div>\n\t\t\t\t<\/div>\n\t\t\t\t<\/div>\n\t\t","protected":false},"excerpt":{"rendered":"<p>ATEX ATEX formation &amp; Awareness \u00e0 Namur I&amp;M 2024 Dur\u00e9e une heure&nbsp;! Arno Willemsen Chaque fois que des gaz, brouillard et vapeurs inflammables ou des poussi\u00e8res combustibles entrent en contact avec l\u2019oxyg\u00e8ne, toute source d\u2019inflammation peut provoquer une explosion.Les sources susceptibles qui peuvent g\u00e9n\u00e9rer une explosion sont des \u00e9tincelles, des flammes, \u00e9nergie statique,\u2026 09.00 \u2013 [&hellip;]<\/p>\n","protected":false},"author":1351,"featured_media":0,"parent":66,"menu_order":0,"comment_status":"closed","ping_status":"closed","template":"","meta":{"_seopress_robots_primary_cat":"","_seopress_titles_title":"","_seopress_titles_desc":"","_seopress_robots_index":"","footnotes":""},"class_list":["post-16618","page","type-page","status-publish","hentry"],"_links":{"self":[{"href":"https:\/\/www.im-namur.be\/fr\/wp-json\/wp\/v2\/pages\/16618","targetHints":{"allow":["GET"]}}],"collection":[{"href":"https:\/\/www.im-namur.be\/fr\/wp-json\/wp\/v2\/pages"}],"about":[{"href":"https:\/\/www.im-namur.be\/fr\/wp-json\/wp\/v2\/types\/page"}],"author":[{"embeddable":true,"href":"https:\/\/www.im-namur.be\/fr\/wp-json\/wp\/v2\/users\/1351"}],"replies":[{"embeddable":true,"href":"https:\/\/www.im-namur.be\/fr\/wp-json\/wp\/v2\/comments?post=16618"}],"version-history":[{"count":5,"href":"https:\/\/www.im-namur.be\/fr\/wp-json\/wp\/v2\/pages\/16618\/revisions"}],"predecessor-version":[{"id":19311,"href":"https:\/\/www.im-namur.be\/fr\/wp-json\/wp\/v2\/pages\/16618\/revisions\/19311"}],"up":[{"embeddable":true,"href":"https:\/\/www.im-namur.be\/fr\/wp-json\/wp\/v2\/pages\/66"}],"wp:attachment":[{"href":"https:\/\/www.im-namur.be\/fr\/wp-json\/wp\/v2\/media?parent=16618"}],"curies":[{"name":"wp","href":"https:\/\/api.w.org\/{rel}","templated":true}]}}