{"id":162,"date":"2020-01-28T12:42:30","date_gmt":"2020-01-28T11:42:30","guid":{"rendered":"https:\/\/www.im-namur.be\/?page_id=162"},"modified":"2024-04-08T11:01:51","modified_gmt":"2024-04-08T09:01:51","slug":"comment-promouvoir-ma-participation","status":"publish","type":"page","link":"https:\/\/www.im-namur.be\/fr\/comment-promouvoir-ma-participation\/","title":{"rendered":"Comment promouvoir ma participation"},"content":{"rendered":"\t\t<div data-elementor-type=\"wp-page\" data-elementor-id=\"162\" class=\"elementor elementor-162\" data-elementor-post-type=\"page\">\n\t\t\t\t\t\t<section class=\"elementor-section elementor-top-section elementor-element elementor-element-137763d elementor-section-boxed elementor-section-height-default elementor-section-height-default elementor-invisible\" data-id=\"137763d\" data-element_type=\"section\" data-settings=\"{&quot;animation&quot;:&quot;zoomIn&quot;}\">\n\t\t\t\t\t\t<div class=\"elementor-container elementor-column-gap-default\">\n\t\t\t\t\t<div class=\"elementor-column elementor-col-100 elementor-top-column elementor-element elementor-element-41be3c3\" data-id=\"41be3c3\" data-element_type=\"column\">\n\t\t\t<div class=\"elementor-widget-wrap elementor-element-populated\">\n\t\t\t\t\t\t<div class=\"elementor-element elementor-element-41c67a1 elementor-widget elementor-widget-text-editor\" data-id=\"41c67a1\" data-element_type=\"widget\" data-widget_type=\"text-editor.default\">\n\t\t\t\t<div class=\"elementor-widget-container\">\n\t\t\t\t\t\t\t\t\t<h1>Comment promouvoir ma participation?<\/h1>\t\t\t\t\t\t\t\t<\/div>\n\t\t\t\t<\/div>\n\t\t\t\t<div class=\"elementor-element elementor-element-237d7d7 elementor-widget elementor-widget-heading\" data-id=\"237d7d7\" data-element_type=\"widget\" data-widget_type=\"heading.default\">\n\t\t\t\t<div class=\"elementor-widget-container\">\n\t\t\t\t\t<h2 class=\"elementor-heading-title elementor-size-default\">D\u00e9couvrez ici des conseils pour promouvoir encore mieux votre participation aux salons professionnels<\/h2>\t\t\t\t<\/div>\n\t\t\t\t<\/div>\n\t\t\t\t\t<\/div>\n\t\t<\/div>\n\t\t\t\t\t<\/div>\n\t\t<\/section>\n\t\t\t\t<section class=\"elementor-section elementor-top-section elementor-element elementor-element-2391688 elementor-section-boxed elementor-section-height-default elementor-section-height-default\" data-id=\"2391688\" data-element_type=\"section\" data-settings=\"{&quot;background_background&quot;:&quot;classic&quot;}\">\n\t\t\t\t\t\t<div class=\"elementor-container elementor-column-gap-narrow\">\n\t\t\t\t\t<div class=\"elementor-column elementor-col-50 elementor-top-column elementor-element elementor-element-7e30888\" data-id=\"7e30888\" data-element_type=\"column\" data-settings=\"{&quot;background_background&quot;:&quot;classic&quot;}\">\n\t\t\t<div class=\"elementor-widget-wrap elementor-element-populated\">\n\t\t\t\t\t\t<div class=\"elementor-element elementor-element-2a11e8b elementor-headline--style-highlight elementor-widget elementor-widget-animated-headline\" data-id=\"2a11e8b\" data-element_type=\"widget\" data-settings=\"{&quot;highlighted_text&quot;:&quot;Avant&quot;,&quot;headline_style&quot;:&quot;highlight&quot;,&quot;marker&quot;:&quot;circle&quot;,&quot;loop&quot;:&quot;yes&quot;,&quot;highlight_animation_duration&quot;:1200,&quot;highlight_iteration_delay&quot;:8000}\" data-widget_type=\"animated-headline.default\">\n\t\t\t\t<div class=\"elementor-widget-container\">\n\t\t\t\t\t\t\t<h3 class=\"elementor-headline\">\n\t\t\t\t<span class=\"elementor-headline-dynamic-wrapper elementor-headline-text-wrapper\">\n\t\t\t\t\t<span class=\"elementor-headline-dynamic-text elementor-headline-text-active\">Avant<\/span>\n\t\t\t\t<\/span>\n\t\t\t\t\t<span class=\"elementor-headline-plain-text elementor-headline-text-wrapper\">l'\u00e9v\u00e8nement<\/span>\n\t\t\t\t\t<\/h3>\n\t\t\t\t\t\t<\/div>\n\t\t\t\t<\/div>\n\t\t\t\t<div class=\"elementor-element elementor-element-8be5ec0 elementor-widget elementor-widget-text-editor\" data-id=\"8be5ec0\" data-element_type=\"widget\" data-widget_type=\"text-editor.default\">\n\t\t\t\t<div class=\"elementor-widget-container\">\n\t\t\t\t\t\t\t\t\t<p>R\u00e9ceptionnez votre\u00a0<strong>pack d\u2019exposant<\/strong>\u00a0: remettez vos\u00a0<strong>invitations<\/strong>\u00a0et collez les\u00a0<strong>autocollants<\/strong>\u00a0sur vos documents.<\/p><p>Activez votre compte \u00ab\u00a0<strong>My Easyfairs<\/strong>\u00a0\u00bb et compl\u00e9tez votre\u00a0<strong>profil<\/strong>\u00a0d\u2019exposant.<\/p><p>Placez une\u00a0<strong>banni\u00e8re<\/strong>\u00a0et \/ ou un\u00a0<strong>logo<\/strong>\u00a0sur votre site Web et dans votre\u00a0<strong>communication<\/strong>\u00a0par courrier \u00e9lectronique. T\u00e9l\u00e9chargez ceci via\u00a0<a href=\"https:\/\/my.easyfairs.com\/#\/login\"><strong>My<\/strong>\u00a0<strong>Easyfairs<\/strong><\/a>.<\/p><p>Envoyez une\u00a0<strong>invitation par courrier<\/strong>\u00a0<strong>\u00e9lectronique<\/strong>\u00a0\u00e0 l\u2019aide de notre mod\u00e8le \u00e0 vos clients et prospects. N\u2019oubliez pas votre\u00a0<strong>URL personnelle<\/strong>\u00a0!<\/p><p>Promouvez votre participation via les\u00a0<strong>r\u00e9seaux sociaux<\/strong> et le tag Industrie &amp; Maintenance. #IndustrieMaintenance2022.<\/p><p>Activez votre \/ vos licence(s)\u00a0<a href=\"https:\/\/www.im-namur.be\/fr\/smart-badge-vs-visit-connect\/\"><strong>Visit Connect<\/strong>\u00a0<\/a>(uniquement possible avec un pack GoLeads ou GoPlus).<\/p>\t\t\t\t\t\t\t\t<\/div>\n\t\t\t\t<\/div>\n\t\t\t\t\t<\/div>\n\t\t<\/div>\n\t\t\t\t<div class=\"elementor-column elementor-col-50 elementor-top-column elementor-element elementor-element-82712bb\" data-id=\"82712bb\" data-element_type=\"column\" data-settings=\"{&quot;background_background&quot;:&quot;classic&quot;}\">\n\t\t\t<div class=\"elementor-widget-wrap elementor-element-populated\">\n\t\t\t\t\t\t<div class=\"elementor-element elementor-element-4193109 elementor-headline--style-highlight elementor-widget elementor-widget-animated-headline\" data-id=\"4193109\" data-element_type=\"widget\" data-settings=\"{&quot;highlighted_text&quot;:&quot;Pendant &quot;,&quot;headline_style&quot;:&quot;highlight&quot;,&quot;marker&quot;:&quot;circle&quot;,&quot;loop&quot;:&quot;yes&quot;,&quot;highlight_animation_duration&quot;:1200,&quot;highlight_iteration_delay&quot;:8000}\" data-widget_type=\"animated-headline.default\">\n\t\t\t\t<div class=\"elementor-widget-container\">\n\t\t\t\t\t\t\t<h3 class=\"elementor-headline\">\n\t\t\t\t<span class=\"elementor-headline-dynamic-wrapper elementor-headline-text-wrapper\">\n\t\t\t\t\t<span class=\"elementor-headline-dynamic-text elementor-headline-text-active\">Pendant <\/span>\n\t\t\t\t<\/span>\n\t\t\t\t\t<span class=\"elementor-headline-plain-text elementor-headline-text-wrapper\">l'\u00e9v\u00e8nement<\/span>\n\t\t\t\t\t<\/h3>\n\t\t\t\t\t\t<\/div>\n\t\t\t\t<\/div>\n\t\t\t\t<div class=\"elementor-element elementor-element-0ae617c elementor-widget elementor-widget-text-editor\" data-id=\"0ae617c\" data-element_type=\"widget\" data-widget_type=\"text-editor.default\">\n\t\t\t\t<div class=\"elementor-widget-container\">\n\t\t\t\t\t\t\t\t\t<p>Placez votre lecteur \u2018<a href=\"https:\/\/www.im-namur.be\/fr\/smart-badge-vs-visit-connect\/\"><strong>Touch &amp; Collect<\/strong><\/a>\u2019 \u00e0 un endroit visible pour\u00a0<strong>collecter<\/strong>\u00a0autant de\u00a0<strong>prospects<\/strong>\u00a0que possible.<\/p><p>Organisez des\u00a0<strong>activit\u00e9s<\/strong>\u00a0sur votre\u00a0<strong>stand<\/strong>\u00a0car l\u2019enthousiasme est contagieux : un concours, un cocktail, la distribution de sacs cadeaux, etc.<\/p><p>Avez-vous eu une\u00a0<strong>conversation int\u00e9ressante<\/strong>\u00a0avec un prospect ?\u00a0<strong>Scannez le badge<\/strong>\u00a0avec l\u2019application\u00a0<strong>Visit Connect<\/strong>\u00a0et vous aurez un acc\u00e8s imm\u00e9diat \u00e0 ses donn\u00e9es (uniquement possible avec un pack GoLeads ou GoPlus).<\/p>\t\t\t\t\t\t\t\t<\/div>\n\t\t\t\t<\/div>\n\t\t\t\t<div class=\"elementor-element elementor-element-e5274cf elementor-widget elementor-widget-image\" data-id=\"e5274cf\" data-element_type=\"widget\" data-widget_type=\"image.default\">\n\t\t\t\t<div class=\"elementor-widget-container\">\n\t\t\t\t\t\t\t\t\t\t\t\t\t\t\t<img fetchpriority=\"high\" decoding=\"async\" width=\"768\" height=\"512\" src=\"https:\/\/easyfairsassets.com\/sites\/238\/2020\/02\/Touch-Collect-768x512.jpg\" class=\"attachment-medium_large size-medium_large wp-image-296\" alt=\"Touch and Collect\" srcset=\"https:\/\/easyfairsassets.com\/sites\/238\/2020\/02\/Touch-Collect-768x512.jpg 768w, https:\/\/easyfairsassets.com\/sites\/238\/2020\/02\/Touch-Collect-300x200.jpg 300w, https:\/\/easyfairsassets.com\/sites\/238\/2020\/02\/Touch-Collect-1024x683.jpg 1024w, https:\/\/easyfairsassets.com\/sites\/238\/2020\/02\/Touch-Collect-1536x1024.jpg 1536w, https:\/\/easyfairsassets.com\/sites\/238\/2020\/02\/Touch-Collect.jpg 1800w\" sizes=\"(max-width: 768px) 100vw, 768px\" \/>\t\t\t\t\t\t\t\t\t\t\t\t\t\t\t<\/div>\n\t\t\t\t<\/div>\n\t\t\t\t\t<\/div>\n\t\t<\/div>\n\t\t\t\t\t<\/div>\n\t\t<\/section>\n\t\t<div class=\"elementor-element elementor-element-ffc48b5 e-flex e-con-boxed e-con e-parent\" data-id=\"ffc48b5\" data-element_type=\"container\" data-settings=\"{&quot;background_background&quot;:&quot;classic&quot;}\">\n\t\t\t\t\t<div class=\"e-con-inner\">\n\t\t\t\t<div class=\"elementor-element elementor-element-50d17fb elementor-widget elementor-widget-heading\" data-id=\"50d17fb\" data-element_type=\"widget\" data-widget_type=\"heading.default\">\n\t\t\t\t<div class=\"elementor-widget-container\">\n\t\t\t\t\t<h2 class=\"elementor-heading-title elementor-size-default\"><br><br>Avez vous des questions?<\/h2>\t\t\t\t<\/div>\n\t\t\t\t<\/div>\n\t\t\t\t<div class=\"elementor-element elementor-element-9a670d0 elementor-align-center elementor-widget elementor-widget-button\" data-id=\"9a670d0\" data-element_type=\"widget\" data-widget_type=\"button.default\">\n\t\t\t\t<div class=\"elementor-widget-container\">\n\t\t\t\t\t\t\t\t\t<div class=\"elementor-button-wrapper\">\n\t\t\t\t\t<a class=\"elementor-button elementor-button-link elementor-size-sm\" href=\"https:\/\/www.im-namur.be\/fr\/contactez-nous\/\">\n\t\t\t\t\t\t<span class=\"elementor-button-content-wrapper\">\n\t\t\t\t\t\t\t\t\t<span class=\"elementor-button-text\">Contactez-nous<\/span>\n\t\t\t\t\t<\/span>\n\t\t\t\t\t<\/a>\n\t\t\t\t<\/div>\n\t\t\t\t\t\t\t\t<\/div>\n\t\t\t\t<\/div>\n\t\t\t\t\t<\/div>\n\t\t\t\t<\/div>\n\t\t\t\t<\/div>\n\t\t","protected":false},"excerpt":{"rendered":"<p>Comment promouvoir ma participation? D\u00e9couvrez ici des conseils pour promouvoir encore mieux votre participation aux salons professionnels Avant l&rsquo;\u00e9v\u00e8nement R\u00e9ceptionnez votre\u00a0pack d\u2019exposant\u00a0: remettez vos\u00a0invitations\u00a0et collez les\u00a0autocollants\u00a0sur vos documents. Activez votre compte \u00ab\u00a0My Easyfairs\u00a0\u00bb et compl\u00e9tez votre\u00a0profil\u00a0d\u2019exposant. Placez une\u00a0banni\u00e8re\u00a0et \/ ou un\u00a0logo\u00a0sur votre site Web et dans votre\u00a0communication\u00a0par courrier \u00e9lectronique. T\u00e9l\u00e9chargez ceci via\u00a0My\u00a0Easyfairs. Envoyez une\u00a0invitation par [&hellip;]<\/p>\n","protected":false},"author":38,"featured_media":0,"parent":0,"menu_order":0,"comment_status":"closed","ping_status":"closed","template":"","meta":{"_seopress_robots_primary_cat":"","_seopress_titles_title":"Promouvoir la participation comme exposant \u00e0 Industrie &amp; Maintenance 2020","_seopress_titles_desc":"R\u00e9ceptionnez votre pack d\u2019exposant - Activez votre compte \u00ab My Easyfairs \u00bb - T\u00e9l\u00e9chargez des banni\u00e8res ou logos","_seopress_robots_index":"","footnotes":""},"class_list":["post-162","page","type-page","status-publish","hentry"],"_links":{"self":[{"href":"https:\/\/www.im-namur.be\/fr\/wp-json\/wp\/v2\/pages\/162","targetHints":{"allow":["GET"]}}],"collection":[{"href":"https:\/\/www.im-namur.be\/fr\/wp-json\/wp\/v2\/pages"}],"about":[{"href":"https:\/\/www.im-namur.be\/fr\/wp-json\/wp\/v2\/types\/page"}],"author":[{"embeddable":true,"href":"https:\/\/www.im-namur.be\/fr\/wp-json\/wp\/v2\/users\/38"}],"replies":[{"embeddable":true,"href":"https:\/\/www.im-namur.be\/fr\/wp-json\/wp\/v2\/comments?post=162"}],"version-history":[{"count":5,"href":"https:\/\/www.im-namur.be\/fr\/wp-json\/wp\/v2\/pages\/162\/revisions"}],"predecessor-version":[{"id":16200,"href":"https:\/\/www.im-namur.be\/fr\/wp-json\/wp\/v2\/pages\/162\/revisions\/16200"}],"wp:attachment":[{"href":"https:\/\/www.im-namur.be\/fr\/wp-json\/wp\/v2\/media?parent=162"}],"curies":[{"name":"wp","href":"https:\/\/api.w.org\/{rel}","templated":true}]}}